{"id":10769,"date":"2025-08-18T14:50:36","date_gmt":"2025-08-18T14:50:36","guid":{"rendered":"https:\/\/betterversionacademy.com\/?post_type=product&#038;p=10769"},"modified":"2025-08-18T21:51:00","modified_gmt":"2025-08-18T21:51:00","slug":"6-figure-digital-product-blueprint","status":"publish","type":"product","link":"https:\/\/betterversionacademy.com\/fr\/produit\/6-figure-digital-product-blueprint","title":{"rendered":"Le plan de produit num\u00e9rique \u00e0 6 chiffres - Cr\u00e9ez, lancez et d\u00e9veloppez votre empire en ligne"},"content":{"rendered":"<p data-start=\"487\" data-end=\"677\">Imagine waking up to new sales notifications\u2026 while you\u2019re still in bed.<br data-start=\"559\" data-end=\"562\" \/>No packaging. No shipping. No warehouses. Just pure profit delivered digitally to your customers worldwide, 24\/7.<\/p>\n<p data-start=\"679\" data-end=\"810\">That\u2019s the reality when you know how to build <strong data-start=\"725\" data-end=\"754\">6-figure digital products<\/strong> \u2014 and this step-by-step system shows you exactly how.<\/p>\n<p data-start=\"812\" data-end=\"880\">Inside <em data-start=\"819\" data-end=\"860\">The 6-Figure Digital Product Blueprint\u2122<\/em>, you\u2019ll discover:<\/p>\n<ul data-start=\"882\" data-end=\"1435\">\n<li data-start=\"882\" data-end=\"995\">\n<p data-start=\"884\" data-end=\"995\"><strong data-start=\"884\" data-end=\"905\">The mindset shift<\/strong> that separates those who dream about passive income from those who actually achieve it.<\/p>\n<\/li>\n<li data-start=\"996\" data-end=\"1113\">\n<p data-start=\"998\" data-end=\"1113\"><strong data-start=\"998\" data-end=\"1033\">The secret to profitable niches<\/strong> \u2014 and why solving the right problem is your golden ticket to sales on repeat.<\/p>\n<\/li>\n<li data-start=\"1114\" data-end=\"1207\">\n<p data-start=\"1116\" data-end=\"1207\"><strong data-start=\"1116\" data-end=\"1138\">Branding shortcuts<\/strong> that position you as the authority (even if nobody knows you yet).<\/p>\n<\/li>\n<li data-start=\"1208\" data-end=\"1345\">\n<p data-start=\"1210\" data-end=\"1345\"><strong data-start=\"1210\" data-end=\"1249\">Super-fast product creation methods<\/strong> \u2014 from ebooks to videos, templates to checklists, even if you\u2019re not a writer or tech expert.<\/p>\n<\/li>\n<li data-start=\"1346\" data-end=\"1435\">\n<p data-start=\"1348\" data-end=\"1435\"><strong data-start=\"1348\" data-end=\"1372\">The sales strategies<\/strong> top marketers use to consistently turn browsers into buyers.<\/p>\n<\/li>\n<\/ul>\n<p data-start=\"1437\" data-end=\"1533\">This isn\u2019t just another ebook. You\u2019re getting a <strong data-start=\"1485\" data-end=\"1519\">full digital course experience<\/strong>, including:<\/p>\n<ul data-start=\"1535\" data-end=\"1903\">\n<li data-start=\"1535\" data-end=\"1626\">\n<p data-start=\"1537\" data-end=\"1626\"><strong data-start=\"1537\" data-end=\"1560\">Comprehensive eBook<\/strong>: Your A-to-Z playbook on creating and scaling digital products.<\/p>\n<\/li>\n<li data-start=\"1627\" data-end=\"1704\">\n<p data-start=\"1629\" data-end=\"1704\"><strong data-start=\"1629\" data-end=\"1657\">10 Actionable Checklists<\/strong>: So you always know exactly what to do next.<\/p>\n<\/li>\n<li data-start=\"1705\" data-end=\"1783\">\n<p data-start=\"1707\" data-end=\"1783\"><strong data-start=\"1707\" data-end=\"1727\">10 Audio Lessons<\/strong>: Learn on the go, in the gym, or during your commute.<\/p>\n<\/li>\n<li data-start=\"1784\" data-end=\"1903\">\n<p data-start=\"1786\" data-end=\"1903\"><strong data-start=\"1786\" data-end=\"1808\">10 Video Trainings<\/strong>: Watch real demonstrations and walkthroughs that take the guesswork out of product creation.<\/p>\n<\/li>\n<\/ul>\n<p data-start=\"1905\" data-end=\"2101\">Whether you\u2019re starting from scratch or looking to scale your existing business, this bundle gives you everything you need to <strong data-start=\"2031\" data-end=\"2099\">launch your own profitable digital product in weeks, not months.<\/strong><\/p>\n<p data-start=\"2103\" data-end=\"2182\">\ud83d\udc49 <strong data-start=\"2106\" data-end=\"2182\">No fluff. No theory. Just proven strategies, ready for you to implement.<\/strong><\/p>\n<p data-start=\"2184\" data-end=\"2226\">Your digital product empire starts here.<\/p>","protected":false},"excerpt":{"rendered":"<p>Launch your own 6-figure online business with The 6-Figure Digital Product Blueprint. Includes ebook, checklists, audio &amp; video trainings. Start earning passive income today!<\/p>\n<p data-start=\"2296\" data-end=\"2406\"><strong data-start=\"2296\" data-end=\"2326\">\u2714\ufe0f Turn Knowledge Into Profit<\/strong> \u2013 Discover how to create and sell digital products that generate income 24\/7.<\/p>\n<p data-start=\"2409\" data-end=\"2520\"><strong data-start=\"2409\" data-end=\"2434\">\u2714\ufe0f Step-By-Step Guidance<\/strong> \u2013 From idea to launch, follow a clear roadmap that removes confusion and overwhelm.<\/p>\n<p data-start=\"2523\" data-end=\"2618\"><strong data-start=\"2523\" data-end=\"2550\">\u2714\ufe0f Done-For-You Checklists<\/strong> \u2013 Never get stuck; each phase comes with an actionable checklist.<\/p>\n<p data-start=\"2621\" data-end=\"2720\"><strong data-start=\"2621\" data-end=\"2648\">\u2714\ufe0f Learn Anywhere, Anytime<\/strong> \u2013 Includes 10 audios + 10 videos so you can absorb lessons on the go.<\/p>\n<p data-start=\"2723\" data-end=\"2833\"><strong data-start=\"2723\" data-end=\"2748\">\u2714\ufe0f Scale With Confidence<\/strong> \u2013 Learn proven branding, marketing, and sales strategies to grow beyond 6 figures.<\/p>\n<p data-start=\"2836\" data-end=\"2968\"><strong data-start=\"2836\" data-end=\"2874\">\u2714\ufe0f Beginner-Friendly, Expert-Approved<\/strong> \u2013 Even if you\u2019ve never written, designed, or sold online before, this system shows you how.<\/p>","protected":false},"featured_media":10883,"comment_status":"open","ping_status":"closed","template":"","meta":[],"product_brand":[],"product_cat":[15],"product_tag":[],"class_list":{"0":"post-10769","1":"product","2":"type-product","3":"status-publish","4":"has-post-thumbnail","6":"product_cat-uncategorized","8":"first","9":"instock","10":"downloadable","11":"virtual","12":"sold-individually","13":"taxable","14":"purchasable","15":"product-type-simple"},"yoast_head":"<!-- This site is optimized with the Yoast SEO Premium plugin v27.4 (Yoast SEO v27.4) - https:\/\/yoast.com\/product\/yoast-seo-premium-wordpress\/ -->\n<title>Create your first 6-figure digital product in 10 simple steps<\/title>\n<meta name=\"description\" content=\"Launch your own 6-figure online business with The 6-Figure Digital Product Blueprint. Includes ebook, checklists, audio &amp; video trainings.\" \/>\n<meta name=\"robots\" content=\"noindex, follow\" \/>\n<meta property=\"og:locale\" content=\"fr_FR\" \/>\n<meta property=\"og:type\" content=\"article\" \/>\n<meta property=\"og:title\" content=\"The 6-Figure Digital Product Blueprint - Create, Launch &amp; Scale Your Online Empire\" \/>\n<meta property=\"og:description\" content=\"Launch your own 6-figure online business with The 6-Figure Digital Product Blueprint. Includes ebook, checklists, audio &amp; video trainings.\" \/>\n<meta property=\"og:url\" content=\"https:\/\/betterversionacademy.com\/fr\/produit\/6-figure-digital-product-blueprint\" \/>\n<meta property=\"og:site_name\" content=\"Better Version Academy - Learn for Life\" \/>\n<meta property=\"article:modified_time\" content=\"2025-08-18T21:51:00+00:00\" \/>\n<meta property=\"og:image\" content=\"https:\/\/betterversionacademy.com\/wp-content\/uploads\/2025\/08\/6_Figure_Digiral_Products_product_image.png\" \/>\n\t<meta property=\"og:image:width\" content=\"800\" \/>\n\t<meta property=\"og:image:height\" content=\"800\" \/>\n\t<meta property=\"og:image:type\" content=\"image\/png\" \/>\n<meta name=\"twitter:card\" content=\"summary_large_image\" \/>\n<script type=\"application\/ld+json\" class=\"yoast-schema-graph\">{\"@context\":\"https:\\\/\\\/schema.org\",\"@graph\":[{\"@type\":\"WebPage\",\"@id\":\"https:\\\/\\\/betterversionacademy.com\\\/product\\\/6-figure-digital-product-blueprint\",\"url\":\"https:\\\/\\\/betterversionacademy.com\\\/product\\\/6-figure-digital-product-blueprint\",\"name\":\"Create your first 6-figure digital product in 10 simple steps\",\"isPartOf\":{\"@id\":\"https:\\\/\\\/betterversionacademy.com\\\/fr\\\/#website\"},\"primaryImageOfPage\":{\"@id\":\"https:\\\/\\\/betterversionacademy.com\\\/product\\\/6-figure-digital-product-blueprint#primaryimage\"},\"image\":{\"@id\":\"https:\\\/\\\/betterversionacademy.com\\\/product\\\/6-figure-digital-product-blueprint#primaryimage\"},\"thumbnailUrl\":\"https:\\\/\\\/betterversionacademy.com\\\/wp-content\\\/uploads\\\/2025\\\/08\\\/6_Figure_Digiral_Products_product_image.png\",\"datePublished\":\"2025-08-18T14:50:36+00:00\",\"dateModified\":\"2025-08-18T21:51:00+00:00\",\"description\":\"Launch your own 6-figure online business with The 6-Figure Digital Product Blueprint. Includes ebook, checklists, audio & video trainings.\",\"breadcrumb\":{\"@id\":\"https:\\\/\\\/betterversionacademy.com\\\/product\\\/6-figure-digital-product-blueprint#breadcrumb\"},\"inLanguage\":\"fr-FR\",\"potentialAction\":[{\"@type\":\"ReadAction\",\"target\":[\"https:\\\/\\\/betterversionacademy.com\\\/product\\\/6-figure-digital-product-blueprint\"]}]},{\"@type\":\"ImageObject\",\"inLanguage\":\"fr-FR\",\"@id\":\"https:\\\/\\\/betterversionacademy.com\\\/product\\\/6-figure-digital-product-blueprint#primaryimage\",\"url\":\"https:\\\/\\\/betterversionacademy.com\\\/wp-content\\\/uploads\\\/2025\\\/08\\\/6_Figure_Digiral_Products_product_image.png\",\"contentUrl\":\"https:\\\/\\\/betterversionacademy.com\\\/wp-content\\\/uploads\\\/2025\\\/08\\\/6_Figure_Digiral_Products_product_image.png\",\"width\":800,\"height\":800},{\"@type\":\"BreadcrumbList\",\"@id\":\"https:\\\/\\\/betterversionacademy.com\\\/product\\\/6-figure-digital-product-blueprint#breadcrumb\",\"itemListElement\":[{\"@type\":\"ListItem\",\"position\":1,\"name\":\"Home\",\"item\":\"https:\\\/\\\/betterversionacademy.com\\\/\"},{\"@type\":\"ListItem\",\"position\":2,\"name\":\"Shop\",\"item\":\"https:\\\/\\\/betterversionacademy.com\\\/shop\"},{\"@type\":\"ListItem\",\"position\":3,\"name\":\"The 6-Figure Digital Product Blueprint &#8211; Create, Launch &#038; Scale Your Online Empire\"}]},{\"@type\":\"WebSite\",\"@id\":\"https:\\\/\\\/betterversionacademy.com\\\/fr\\\/#website\",\"url\":\"https:\\\/\\\/betterversionacademy.com\\\/fr\\\/\",\"name\":\"Better Version Academy - Learn for Life\",\"description\":\"Skills for a better life\",\"publisher\":{\"@id\":\"https:\\\/\\\/betterversionacademy.com\\\/fr\\\/#organization\"},\"potentialAction\":[{\"@type\":\"SearchAction\",\"target\":{\"@type\":\"EntryPoint\",\"urlTemplate\":\"https:\\\/\\\/betterversionacademy.com\\\/fr\\\/?s={search_term_string}\"},\"query-input\":{\"@type\":\"PropertyValueSpecification\",\"valueRequired\":true,\"valueName\":\"search_term_string\"}}],\"inLanguage\":\"fr-FR\"},{\"@type\":\"Organization\",\"@id\":\"https:\\\/\\\/betterversionacademy.com\\\/fr\\\/#organization\",\"name\":\"Better Version Academy\",\"url\":\"https:\\\/\\\/betterversionacademy.com\\\/fr\\\/\",\"logo\":{\"@type\":\"ImageObject\",\"inLanguage\":\"fr-FR\",\"@id\":\"https:\\\/\\\/betterversionacademy.com\\\/fr\\\/#\\\/schema\\\/logo\\\/image\\\/\",\"url\":\"https:\\\/\\\/betterversionacademy.com\\\/wp-content\\\/uploads\\\/2021\\\/11\\\/cropped-BVA_logo_square-511x511.jpg\",\"contentUrl\":\"https:\\\/\\\/betterversionacademy.com\\\/wp-content\\\/uploads\\\/2021\\\/11\\\/cropped-BVA_logo_square-511x511.jpg\",\"width\":512,\"height\":512,\"caption\":\"Better Version Academy\"},\"image\":{\"@id\":\"https:\\\/\\\/betterversionacademy.com\\\/fr\\\/#\\\/schema\\\/logo\\\/image\\\/\"}}]}<\/script>\n<meta property=\"product:price:amount\" content=\"17.00\" \/>\n<meta property=\"product:price:currency\" content=\"USD\" \/>\n<meta property=\"og:availability\" content=\"instock\" \/>\n<meta property=\"product:availability\" content=\"instock\" \/>\n<meta property=\"product:condition\" content=\"new\" \/>\n<!-- \/ Yoast SEO Premium plugin. -->","yoast_head_json":{"title":"Create your first 6-figure digital product in 10 simple steps","description":"Launch your own 6-figure online business with The 6-Figure Digital Product Blueprint. Includes ebook, checklists, audio & video trainings.","robots":{"index":"noindex","follow":"follow"},"og_locale":"fr_FR","og_type":"article","og_title":"The 6-Figure Digital Product Blueprint - Create, Launch & Scale Your Online Empire","og_description":"Launch your own 6-figure online business with The 6-Figure Digital Product Blueprint. Includes ebook, checklists, audio & video trainings.","og_url":"https:\/\/betterversionacademy.com\/fr\/produit\/6-figure-digital-product-blueprint","og_site_name":"Better Version Academy - Learn for Life","article_modified_time":"2025-08-18T21:51:00+00:00","og_image":[{"width":800,"height":800,"url":"https:\/\/betterversionacademy.com\/wp-content\/uploads\/2025\/08\/6_Figure_Digiral_Products_product_image.png","type":"image\/png"}],"twitter_card":"summary_large_image","schema":{"@context":"https:\/\/schema.org","@graph":[{"@type":"WebPage","@id":"https:\/\/betterversionacademy.com\/product\/6-figure-digital-product-blueprint","url":"https:\/\/betterversionacademy.com\/product\/6-figure-digital-product-blueprint","name":"Create your first 6-figure digital product in 10 simple steps","isPartOf":{"@id":"https:\/\/betterversionacademy.com\/fr\/#website"},"primaryImageOfPage":{"@id":"https:\/\/betterversionacademy.com\/product\/6-figure-digital-product-blueprint#primaryimage"},"image":{"@id":"https:\/\/betterversionacademy.com\/product\/6-figure-digital-product-blueprint#primaryimage"},"thumbnailUrl":"https:\/\/betterversionacademy.com\/wp-content\/uploads\/2025\/08\/6_Figure_Digiral_Products_product_image.png","datePublished":"2025-08-18T14:50:36+00:00","dateModified":"2025-08-18T21:51:00+00:00","description":"Launch your own 6-figure online business with The 6-Figure Digital Product Blueprint. Includes ebook, checklists, audio & video trainings.","breadcrumb":{"@id":"https:\/\/betterversionacademy.com\/product\/6-figure-digital-product-blueprint#breadcrumb"},"inLanguage":"fr-FR","potentialAction":[{"@type":"ReadAction","target":["https:\/\/betterversionacademy.com\/product\/6-figure-digital-product-blueprint"]}]},{"@type":"ImageObject","inLanguage":"fr-FR","@id":"https:\/\/betterversionacademy.com\/product\/6-figure-digital-product-blueprint#primaryimage","url":"https:\/\/betterversionacademy.com\/wp-content\/uploads\/2025\/08\/6_Figure_Digiral_Products_product_image.png","contentUrl":"https:\/\/betterversionacademy.com\/wp-content\/uploads\/2025\/08\/6_Figure_Digiral_Products_product_image.png","width":800,"height":800},{"@type":"BreadcrumbList","@id":"https:\/\/betterversionacademy.com\/product\/6-figure-digital-product-blueprint#breadcrumb","itemListElement":[{"@type":"ListItem","position":1,"name":"Home","item":"https:\/\/betterversionacademy.com\/"},{"@type":"ListItem","position":2,"name":"Shop","item":"https:\/\/betterversionacademy.com\/shop"},{"@type":"ListItem","position":3,"name":"The 6-Figure Digital Product Blueprint &#8211; Create, Launch &#038; Scale Your Online Empire"}]},{"@type":"WebSite","@id":"https:\/\/betterversionacademy.com\/fr\/#website","url":"https:\/\/betterversionacademy.com\/fr\/","name":"Better Version Academy - Apprendre pour la vie","description":"Des comp\u00e9tences pour une vie meilleure","publisher":{"@id":"https:\/\/betterversionacademy.com\/fr\/#organization"},"potentialAction":[{"@type":"SearchAction","target":{"@type":"EntryPoint","urlTemplate":"https:\/\/betterversionacademy.com\/fr\/?s={search_term_string}"},"query-input":{"@type":"PropertyValueSpecification","valueRequired":true,"valueName":"search_term_string"}}],"inLanguage":"fr-FR"},{"@type":"Organization","@id":"https:\/\/betterversionacademy.com\/fr\/#organization","name":"Meilleure version de l&#039;Acad\u00e9mie","url":"https:\/\/betterversionacademy.com\/fr\/","logo":{"@type":"ImageObject","inLanguage":"fr-FR","@id":"https:\/\/betterversionacademy.com\/fr\/#\/schema\/logo\/image\/","url":"https:\/\/betterversionacademy.com\/wp-content\/uploads\/2021\/11\/cropped-BVA_logo_square-511x511.jpg","contentUrl":"https:\/\/betterversionacademy.com\/wp-content\/uploads\/2021\/11\/cropped-BVA_logo_square-511x511.jpg","width":512,"height":512,"caption":"Better Version Academy"},"image":{"@id":"https:\/\/betterversionacademy.com\/fr\/#\/schema\/logo\/image\/"}}]},"product_price_amount":"17.00","product_price_currency":"USD","og_availability":"instock","product_availability":"instock","product_condition":"new"},"_links":{"self":[{"href":"https:\/\/betterversionacademy.com\/fr\/wp-json\/wp\/v2\/product\/10769","targetHints":{"allow":["GET"]}}],"collection":[{"href":"https:\/\/betterversionacademy.com\/fr\/wp-json\/wp\/v2\/product"}],"about":[{"href":"https:\/\/betterversionacademy.com\/fr\/wp-json\/wp\/v2\/types\/product"}],"replies":[{"embeddable":true,"href":"https:\/\/betterversionacademy.com\/fr\/wp-json\/wp\/v2\/comments?post=10769"}],"wp:featuredmedia":[{"embeddable":true,"href":"https:\/\/betterversionacademy.com\/fr\/wp-json\/wp\/v2\/media\/10883"}],"wp:attachment":[{"href":"https:\/\/betterversionacademy.com\/fr\/wp-json\/wp\/v2\/media?parent=10769"}],"wp:term":[{"taxonomy":"product_brand","embeddable":true,"href":"https:\/\/betterversionacademy.com\/fr\/wp-json\/wp\/v2\/product_brand?post=10769"},{"taxonomy":"product_cat","embeddable":true,"href":"https:\/\/betterversionacademy.com\/fr\/wp-json\/wp\/v2\/product_cat?post=10769"},{"taxonomy":"product_tag","embeddable":true,"href":"https:\/\/betterversionacademy.com\/fr\/wp-json\/wp\/v2\/product_tag?post=10769"}],"curies":[{"name":"wp","href":"https:\/\/api.w.org\/{rel}","templated":true}]}}