{"id":5661,"date":"2022-09-19T16:55:20","date_gmt":"2022-09-19T16:55:20","guid":{"rendered":"https:\/\/betterversionacademy.com\/?page_id=5661"},"modified":"2022-09-21T11:02:08","modified_gmt":"2022-09-21T11:02:08","slug":"divulgations-denonciations","status":"publish","type":"page","link":"https:\/\/betterversionacademy.com\/fr\/divulgations-denonciations","title":{"rendered":"Divulgations et avis de non-responsabilit\u00e9"},"content":{"rendered":"<p>BetterVersionAcademy.com est cr\u00e9\u00e9, \u00e9crit et g\u00e9r\u00e9 uniquement par Baron Inc, ses propri\u00e9taires, contributeurs et employ\u00e9s qui sont des experts dans leurs domaines respectifs. Nous aimons tous partager nos exp\u00e9riences et nos \u00e9tudes sur divers sujets de la vie et sur la fa\u00e7on de devenir la meilleure version de vous-m\u00eame dans tous les aspects. Les diverses m\u00e9thodes d'apprentissage et de formation, les conseils et les tutoriels sur BetterVersionAcademy ne sont pas \u00e0 l'\u00e9preuve des erreurs, ils sont simplement ce qui a fonctionn\u00e9 pour de nombreuses personnes au moment o\u00f9 elles ont entrepris ce projet ou cette \u00e9tape de la vie. Des pr\u00e9cautions suppl\u00e9mentaires et des recherches compl\u00e9mentaires sont toujours conseill\u00e9es et BetterVersionAcademy ne peut \u00eatre tenu responsable de votre s\u00e9curit\u00e9 personnelle ou du r\u00e9sultat de vos choix personnels, financiers ou professionnels.<\/p>\n<p><strong>Clause de non-responsabilit\u00e9 concernant le parrainage<\/strong><\/p>\n<p>Nous croyons vraiment en la transparence et c'est pourquoi nous avons \u00e9tabli une politique : les articles publi\u00e9s sur notre site ne sont jamais sponsoris\u00e9s ou pay\u00e9s par une tierce partie. Nous n'acceptons pas non plus de produits gratuits de la part d'une entreprise, d'une marque, d'un d\u00e9taillant ou d'un fabricant en \u00e9change d'un article ou d'une critique. Vous pouvez en savoir plus \u00e0 ce sujet dans nos autres politiques si cela vous int\u00e9resse.<\/p>\n<p><strong>Publicit\u00e9 et d\u00e9claration d'affiliation \u00e0 la FTC<\/strong><\/p>\n<p>Bien que BetterVersionAcademy ne publie pas d'articles sponsoris\u00e9s et n'accepte pas d'articles gratuits pour g\u00e9n\u00e9rer des critiques de produits, nous sommes un blog \u00e0 but lucratif. Nous gagnons de l'argent gr\u00e2ce aux banni\u00e8res publicitaires qui sont plac\u00e9es et g\u00e9r\u00e9es par un r\u00e9seau tiers.<\/p>\n<p>Ce blog gagne \u00e9galement de l'argent en participant \u00e0 des programmes d'affiliation, tels que Amazon Associates et Rakuten Advertising. Cela signifie que lorsque vous effectuez un achat en utilisant l'un de nos liens, nous percevons une petite commission, mais vous n'\u00eates pas oblig\u00e9 de le faire. De nombreux liens sur ce site (ainsi que ceux figurant dans notre lettre d'information \u00e9lectronique et nos comptes de m\u00e9dias sociaux) peuvent donner lieu \u00e0 des commissions d'affiliation. Lorsque vous rencontrez des liens vers des produits sur ce blog, n'oubliez pas qu'il s'agit de liens d'affiliation. Nous essayons de faire savoir que chaque e-mail ou article de blog qui les inclut comporte une ligne de divulgation qui le pr\u00e9cise.<\/p>\n<p>Comme ce site fonctionne gr\u00e2ce aux frais d'h\u00e9bergement pay\u00e9s par les banni\u00e8res publicitaires et les liens d'affiliation, votre soutien est appr\u00e9ci\u00e9.<\/p>\n<p><strong>Avis de non-responsabilit\u00e9 en mati\u00e8re de droit d'auteur<\/strong><\/p>\n<p>Toutes les photos qui ne sont pas cr\u00e9dit\u00e9es \u00e0 une source ext\u00e9rieure ont \u00e9t\u00e9 prises par nous et sont prot\u00e9g\u00e9es par des droits. Toutes les photos qui ne sont pas les n\u00f4tres sont cr\u00e9dit\u00e9es et li\u00e9es \u00e0 leurs sources ext\u00e9rieures, consid\u00e9r\u00e9es comme \u00e9tant dans le domaine public et facilement disponibles sur Internet (publi\u00e9es conform\u00e9ment \u00e0 la loi am\u00e9ricaine sur l'utilisation \u00e9quitable des droits d'auteur, titre 17, code des \u00c9tats-Unis). BetterVersionAcademy se r\u00e9serve le droit de supprimer, de remplacer ou de d\u00e9placer toute image ou tout contenu sans pr\u00e9avis.<\/p>\n<p><strong>Avis de non-responsabilit\u00e9 concernant les conseils m\u00e9dicaux\u00a0<\/strong><\/p>\n<p>Veuillez noter que les informations pr\u00e9sent\u00e9es sur ce site web sont fournies \u00e0 titre d'information g\u00e9n\u00e9rale uniquement et ne doivent pas \u00eatre utilis\u00e9es \u00e0 des fins de diagnostic ou de traitement m\u00e9dical. La recherche en mati\u00e8re de sant\u00e9 et de nutrition \u00e9voluant constamment, nous ne pouvons pas toujours garantir l'exactitude, l'exhaustivit\u00e9 ou l'actualit\u00e9 des informations pr\u00e9sent\u00e9es sur ce site. Il est donc important de consulter un m\u00e9decin avant d'entreprendre tout nouveau r\u00e9gime de remise en forme, de beaut\u00e9, de peau, de sant\u00e9 ou de di\u00e9t\u00e9tique.<\/p>\n<p><strong>Avis professionnel Disclaimer<\/strong><\/p>\n<p>Veuillez noter que ce site est uniquement destin\u00e9 \u00e0 des fins d'information g\u00e9n\u00e9rale et qu'aucun de ses contenus ne doit \u00eatre interpr\u00e9t\u00e9 comme un conseil financier, juridique ou m\u00e9dical. Consultez toujours un professionnel agr\u00e9\u00e9 dans son domaine d'expertise lorsque vous prenez des d\u00e9cisions concernant vos finances, des questions juridiques ou votre sant\u00e9.<\/p>\n<p><strong>T\u00e9moignage Disclaimer<\/strong><\/p>\n<p>Les t\u00e9moignages que vous lisez sur ce blog ou dans les m\u00e9dias sociaux proviennent d'individus et de leurs propres exp\u00e9riences. Tout comme nos t\u00e9moignages, la d\u00e9finition de la r\u00e9ussite est diff\u00e9rente pour chacun, car elle repose largement sur la personnalisation. Nous ne pouvons pas promettre ce que quelqu'un peut ou ne peut pas r\u00e9aliser. La capacit\u00e9 \u00e0 r\u00e9ussir d\u00e9pend des objectifs personnels et des circonstances, qui sont propres \u00e0 chaque individu. La volont\u00e9 d'agir et d'appliquer les informations enseign\u00e9es, les conditions actuelles du march\u00e9, le choix du march\u00e9 cible et la quantit\u00e9 de travail et d'efforts qu'une personne y consacre sont autant de facteurs qui influent sur la r\u00e9ussite.<\/p>\n<p>Si vous souhaitez obtenir plus d'informations ou si vous avez des questions, veuillez nous envoyer un courrier \u00e9lectronique ou consulter notre politique de confidentialit\u00e9 et nos conditions de service.<\/p>","protected":false},"excerpt":{"rendered":"<p>BetterVersionAcademy.com is created, written, and operated solely by Baron Inc., its owners, contributors and employees who are experts in their respective fields. We all love to share our experiences and studies about various topics in life and how to become the best version of yourself in every aspect. The various learning and training methods, advice, [&hellip;]<\/p>\n","protected":false},"author":1,"featured_media":0,"parent":0,"menu_order":0,"comment_status":"closed","ping_status":"closed","template":"","meta":{"footnotes":""},"class_list":["post-5661","page","type-page","status-publish","hentry"],"yoast_head":"<!-- This site is optimized with the Yoast SEO Premium plugin v27.4 (Yoast SEO v27.4) - https:\/\/yoast.com\/product\/yoast-seo-premium-wordpress\/ -->\n<title>Disclosures &amp; Disclaimers - Better Version Academy - Learn for Life<\/title>\n<meta name=\"robots\" content=\"index, follow, max-snippet:-1, max-image-preview:large, max-video-preview:-1\" \/>\n<link rel=\"canonical\" href=\"https:\/\/betterversionacademy.com\/fr\/divulgations-denonciations\" \/>\n<meta property=\"og:locale\" content=\"fr_FR\" \/>\n<meta property=\"og:type\" content=\"article\" \/>\n<meta property=\"og:title\" content=\"Disclosures &amp; Disclaimers\" \/>\n<meta property=\"og:description\" content=\"BetterVersionAcademy.com is created, written, and operated solely by Baron Inc., its owners, contributors and employees who are experts in their respective fields. We all love to share our experiences and studies about various topics in life and how to become the best version of yourself in every aspect. The various learning and training methods, advice, [&hellip;]\" \/>\n<meta property=\"og:url\" content=\"https:\/\/betterversionacademy.com\/fr\/divulgations-denonciations\" \/>\n<meta property=\"og:site_name\" content=\"Better Version Academy - Learn for Life\" \/>\n<meta property=\"article:modified_time\" content=\"2022-09-21T11:02:08+00:00\" \/>\n<meta name=\"twitter:card\" content=\"summary_large_image\" \/>\n<script type=\"application\/ld+json\" class=\"yoast-schema-graph\">{\"@context\":\"https:\\\/\\\/schema.org\",\"@graph\":[{\"@type\":\"WebPage\",\"@id\":\"https:\\\/\\\/betterversionacademy.com\\\/disclosures-disclaimers\",\"url\":\"https:\\\/\\\/betterversionacademy.com\\\/disclosures-disclaimers\",\"name\":\"Disclosures & Disclaimers - Better Version Academy - Learn for Life\",\"isPartOf\":{\"@id\":\"https:\\\/\\\/betterversionacademy.com\\\/fr\\\/#website\"},\"datePublished\":\"2022-09-19T16:55:20+00:00\",\"dateModified\":\"2022-09-21T11:02:08+00:00\",\"breadcrumb\":{\"@id\":\"https:\\\/\\\/betterversionacademy.com\\\/disclosures-disclaimers#breadcrumb\"},\"inLanguage\":\"fr-FR\",\"potentialAction\":[{\"@type\":\"ReadAction\",\"target\":[\"https:\\\/\\\/betterversionacademy.com\\\/disclosures-disclaimers\"]}]},{\"@type\":\"BreadcrumbList\",\"@id\":\"https:\\\/\\\/betterversionacademy.com\\\/disclosures-disclaimers#breadcrumb\",\"itemListElement\":[{\"@type\":\"ListItem\",\"position\":1,\"name\":\"Home\",\"item\":\"https:\\\/\\\/betterversionacademy.com\\\/\"},{\"@type\":\"ListItem\",\"position\":2,\"name\":\"Disclosures &#038; Disclaimers\"}]},{\"@type\":\"WebSite\",\"@id\":\"https:\\\/\\\/betterversionacademy.com\\\/fr\\\/#website\",\"url\":\"https:\\\/\\\/betterversionacademy.com\\\/fr\\\/\",\"name\":\"Better Version Academy - Learn for Life\",\"description\":\"Skills for a better life\",\"publisher\":{\"@id\":\"https:\\\/\\\/betterversionacademy.com\\\/fr\\\/#organization\"},\"potentialAction\":[{\"@type\":\"SearchAction\",\"target\":{\"@type\":\"EntryPoint\",\"urlTemplate\":\"https:\\\/\\\/betterversionacademy.com\\\/fr\\\/?s={search_term_string}\"},\"query-input\":{\"@type\":\"PropertyValueSpecification\",\"valueRequired\":true,\"valueName\":\"search_term_string\"}}],\"inLanguage\":\"fr-FR\"},{\"@type\":\"Organization\",\"@id\":\"https:\\\/\\\/betterversionacademy.com\\\/fr\\\/#organization\",\"name\":\"Better Version Academy\",\"url\":\"https:\\\/\\\/betterversionacademy.com\\\/fr\\\/\",\"logo\":{\"@type\":\"ImageObject\",\"inLanguage\":\"fr-FR\",\"@id\":\"https:\\\/\\\/betterversionacademy.com\\\/fr\\\/#\\\/schema\\\/logo\\\/image\\\/\",\"url\":\"https:\\\/\\\/betterversionacademy.com\\\/wp-content\\\/uploads\\\/2021\\\/11\\\/cropped-BVA_logo_square-511x511.jpg\",\"contentUrl\":\"https:\\\/\\\/betterversionacademy.com\\\/wp-content\\\/uploads\\\/2021\\\/11\\\/cropped-BVA_logo_square-511x511.jpg\",\"width\":512,\"height\":512,\"caption\":\"Better Version Academy\"},\"image\":{\"@id\":\"https:\\\/\\\/betterversionacademy.com\\\/fr\\\/#\\\/schema\\\/logo\\\/image\\\/\"}}]}<\/script>\n<!-- \/ Yoast SEO Premium plugin. -->","yoast_head_json":{"title":"Clauses de non-responsabilit\u00e9 - Better Version Academy - Apprendre pour la vie","robots":{"index":"index","follow":"follow","max-snippet":"max-snippet:-1","max-image-preview":"max-image-preview:large","max-video-preview":"max-video-preview:-1"},"canonical":"https:\/\/betterversionacademy.com\/fr\/divulgations-denonciations","og_locale":"fr_FR","og_type":"article","og_title":"Disclosures & Disclaimers","og_description":"BetterVersionAcademy.com is created, written, and operated solely by Baron Inc., its owners, contributors and employees who are experts in their respective fields. We all love to share our experiences and studies about various topics in life and how to become the best version of yourself in every aspect. The various learning and training methods, advice, [&hellip;]","og_url":"https:\/\/betterversionacademy.com\/fr\/divulgations-denonciations","og_site_name":"Better Version Academy - Learn for Life","article_modified_time":"2022-09-21T11:02:08+00:00","twitter_card":"summary_large_image","schema":{"@context":"https:\/\/schema.org","@graph":[{"@type":"WebPage","@id":"https:\/\/betterversionacademy.com\/disclosures-disclaimers","url":"https:\/\/betterversionacademy.com\/disclosures-disclaimers","name":"Clauses de non-responsabilit\u00e9 - Better Version Academy - Apprendre pour la vie","isPartOf":{"@id":"https:\/\/betterversionacademy.com\/fr\/#website"},"datePublished":"2022-09-19T16:55:20+00:00","dateModified":"2022-09-21T11:02:08+00:00","breadcrumb":{"@id":"https:\/\/betterversionacademy.com\/disclosures-disclaimers#breadcrumb"},"inLanguage":"fr-FR","potentialAction":[{"@type":"ReadAction","target":["https:\/\/betterversionacademy.com\/disclosures-disclaimers"]}]},{"@type":"BreadcrumbList","@id":"https:\/\/betterversionacademy.com\/disclosures-disclaimers#breadcrumb","itemListElement":[{"@type":"ListItem","position":1,"name":"Home","item":"https:\/\/betterversionacademy.com\/"},{"@type":"ListItem","position":2,"name":"Disclosures &#038; Disclaimers"}]},{"@type":"WebSite","@id":"https:\/\/betterversionacademy.com\/fr\/#website","url":"https:\/\/betterversionacademy.com\/fr\/","name":"Better Version Academy - Apprendre pour la vie","description":"Des comp\u00e9tences pour une vie meilleure","publisher":{"@id":"https:\/\/betterversionacademy.com\/fr\/#organization"},"potentialAction":[{"@type":"SearchAction","target":{"@type":"EntryPoint","urlTemplate":"https:\/\/betterversionacademy.com\/fr\/?s={search_term_string}"},"query-input":{"@type":"PropertyValueSpecification","valueRequired":true,"valueName":"search_term_string"}}],"inLanguage":"fr-FR"},{"@type":"Organization","@id":"https:\/\/betterversionacademy.com\/fr\/#organization","name":"Meilleure version de l&#039;Acad\u00e9mie","url":"https:\/\/betterversionacademy.com\/fr\/","logo":{"@type":"ImageObject","inLanguage":"fr-FR","@id":"https:\/\/betterversionacademy.com\/fr\/#\/schema\/logo\/image\/","url":"https:\/\/betterversionacademy.com\/wp-content\/uploads\/2021\/11\/cropped-BVA_logo_square-511x511.jpg","contentUrl":"https:\/\/betterversionacademy.com\/wp-content\/uploads\/2021\/11\/cropped-BVA_logo_square-511x511.jpg","width":512,"height":512,"caption":"Better Version Academy"},"image":{"@id":"https:\/\/betterversionacademy.com\/fr\/#\/schema\/logo\/image\/"}}]}},"_links":{"self":[{"href":"https:\/\/betterversionacademy.com\/fr\/wp-json\/wp\/v2\/pages\/5661","targetHints":{"allow":["GET"]}}],"collection":[{"href":"https:\/\/betterversionacademy.com\/fr\/wp-json\/wp\/v2\/pages"}],"about":[{"href":"https:\/\/betterversionacademy.com\/fr\/wp-json\/wp\/v2\/types\/page"}],"author":[{"embeddable":true,"href":"https:\/\/betterversionacademy.com\/fr\/wp-json\/wp\/v2\/users\/1"}],"replies":[{"embeddable":true,"href":"https:\/\/betterversionacademy.com\/fr\/wp-json\/wp\/v2\/comments?post=5661"}],"version-history":[{"count":0,"href":"https:\/\/betterversionacademy.com\/fr\/wp-json\/wp\/v2\/pages\/5661\/revisions"}],"wp:attachment":[{"href":"https:\/\/betterversionacademy.com\/fr\/wp-json\/wp\/v2\/media?parent=5661"}],"curies":[{"name":"wp","href":"https:\/\/api.w.org\/{rel}","templated":true}]}}