{"id":20922,"date":"2025-10-13T14:58:46","date_gmt":"2025-10-13T14:58:46","guid":{"rendered":"https:\/\/betterversionacademy.com\/?post_type=product&#038;p=20922"},"modified":"2025-10-13T14:58:46","modified_gmt":"2025-10-13T14:58:46","slug":"sistema-de-socios-millonarios","status":"publish","type":"product","link":"https:\/\/betterversionacademy.com\/es\/producto\/sistema-de-socios-millonarios","title":{"rendered":"Sistema de socios millonarios"},"content":{"rendered":"<p data-start=\"666\" data-end=\"846\">Todos los d\u00edas son iguales.<br data-start=\"691\" data-end=\"694\" \/>Te levantas con un despertador que odias, trabajas muchas horas por un sueldo que apenas cubre las facturas y acabas cada mes pregunt\u00e1ndote c\u00f3mo saldr\u00e1s adelante.<\/p>\n<p data-start=\"848\" data-end=\"1016\">Lo has intentado con otros empleos.<br data-start=\"874\" data-end=\"877\" \/>Has visto innumerables v\u00eddeos de \u201cganar dinero online\u201d.<br data-start=\"929\" data-end=\"932\" \/>Incluso ha invertido en programas que le promet\u00edan todo, pero no le daban nada.<\/p>\n<p data-start=\"1018\" data-end=\"1151\">Y ahora, est\u00e1s cansado.<br data-start=\"1040\" data-end=\"1043\" \/>Cansado de falsos gur\u00fas.<br data-start=\"1063\" data-end=\"1066\" \/>Cansado de promesas incumplidas.<br data-start=\"1091\" data-end=\"1094\" \/>Cansado de sentir que la libertad es s\u00f3lo para los dem\u00e1s.<\/p>\n<p data-start=\"1153\" data-end=\"1205\">Pero, \u00bfy si esta vez pudiera ser diferente?<\/p>\n<p data-start=\"1207\" data-end=\"1404\">\u00bfY si tuvieras un <strong data-start=\"1225\" data-end=\"1248\">sistema paso a paso<\/strong>, no se limita a ense\u00f1ar la teor\u00eda, sino que le muestra exactamente c\u00f3mo ganar comisiones reales con productos que cambian vidas?<\/p>\n<p data-start=\"1406\" data-end=\"1474\">Eso es exactamente lo que <strong data-start=\"1426\" data-end=\"1453\">Sistema de socios millonarios<\/strong>\u00a0est\u00e1 dise\u00f1ado para hacer.<\/p>\n<p data-start=\"1476\" data-end=\"1691\">No es otro plan para hacerse rico r\u00e1pidamente.<br data-start=\"1517\" data-end=\"1520\" \/>Es un sistema de negocio completo que ayuda a la gente com\u00fan a construir un ingreso en l\u00ednea - sin crear productos, sin servicio al cliente, y sin necesidad de una audiencia.<\/p>\n<p data-start=\"1693\" data-end=\"2056\"><strong data-start=\"1693\" data-end=\"1728\">Esto es lo que lo hace diferente:<\/strong><br data-start=\"1728\" data-end=\"1731\" \/>Obtendr\u00e1 un modelo de negocio listo para usar, sin conjeturas.<br data-start=\"1797\" data-end=\"1800\" \/>\u2705 Promocionas una oferta probada y de alta conversi\u00f3n que paga <em data-start=\"1856\" data-end=\"1862\">real<\/em> comisiones.<br data-start=\"1875\" data-end=\"1878\" \/>\u2705 Te gu\u00edan paso a paso mentores que ya han ganado 6 y 7 cifras online.<br data-start=\"1963\" data-end=\"1966\" \/>\u2705 Aprendes los mismos sistemas de marketing digital que utilizan los mejores afiliados y emprendedores.<\/p>\n<p data-start=\"2058\" data-end=\"2172\">Sin tecnolog\u00eda complicada. Sin confusiones interminables. Sin promesas vac\u00edas.<br data-start=\"2119\" data-end=\"2122\" \/>S\u00f3lo un camino claro y \u00e9tico hacia la libertad financiera.<\/p>\n<p data-start=\"2174\" data-end=\"2271\">Porque \u00e9sta es la verdad:<br data-start=\"2199\" data-end=\"2202\" \/>El mundo ha cambiado y la antigua forma de trabajar ya no funciona.<\/p>\n<p data-start=\"2273\" data-end=\"2390\">Si quieres m\u00e1s tiempo, m\u00e1s dinero y m\u00e1s control, tienes que empezar a aprovechar los sistemas que hacen el trabajo por ti.<\/p>\n<p data-start=\"2392\" data-end=\"2442\">Millionaire Partnership te da esa ventaja.<\/p>\n<p data-start=\"2444\" data-end=\"2584\">As\u00ed que si usted est\u00e1 atascado en un 9-a-5, ahog\u00e1ndose en la deuda, o simplemente listo para tomar el control de su futuro ... aqu\u00ed es donde comienza su nueva vida.<\/p>\n<p data-start=\"2586\" data-end=\"2652\"><strong data-start=\"2586\" data-end=\"2650\">Ya has probado la esperanza. Ahora es el momento de probar un sistema que funcione.<\/strong><\/p>\n<p data-start=\"2654\" data-end=\"2802\">\ud83d\udc49 <strong data-start=\"2657\" data-end=\"2688\">Vea ahora la formaci\u00f3n gratuita<\/strong> y vea c\u00f3mo personas como usted se liberan del estr\u00e9s financiero y construyen una verdadera libertad desde casa.<\/p>","protected":false},"excerpt":{"rendered":"<p>Escapa de la trampa del sueldo y genera ingresos reales en Internet, aunque hayas fracasado antes<\/p>\n<p>No necesitas suerte, ni conocimientos t\u00e9cnicos, ni muchos seguidores.<\/p>\n<p>Necesitas un sistema probado que haga el trabajo pesado - para que finalmente puedas crear libertad, estabilidad y la vida que mereces.<\/p>\n<p><strong data-start=\"530\" data-end=\"560\">\u25b6\ufe0f Ver formaci\u00f3n gratuita ahora<\/strong><\/p>\n<p><em data-start=\"563\" data-end=\"594\">Tu nuevo cap\u00edtulo comienza aqu\u00ed.<\/em><\/p>","protected":false},"featured_media":20923,"comment_status":"open","ping_status":"closed","template":"","meta":[],"product_brand":[],"product_cat":[15],"product_tag":[],"class_list":{"0":"post-20922","1":"product","2":"type-product","3":"status-publish","4":"has-post-thumbnail","6":"product_cat-uncategorized","8":"first","9":"instock","10":"taxable","11":"shipping-taxable","12":"product-type-external"},"yoast_head":"<!-- This site is optimized with the Yoast SEO Premium plugin v27.4 (Yoast SEO v27.4) - https:\/\/yoast.com\/product\/yoast-seo-premium-wordpress\/ -->\n<title>Millionaire Partner System \u2013 Start Your Freedom Business<\/title>\n<meta name=\"description\" content=\"Discover the Millionaire Partner System \u2014 a step-by-step way for everyday people to build real online income and achieve true financial freedom.\" \/>\n<meta name=\"robots\" content=\"noindex, follow\" \/>\n<meta property=\"og:locale\" content=\"es_ES\" \/>\n<meta property=\"og:type\" content=\"article\" \/>\n<meta property=\"og:title\" content=\"Millionaire Partner System\" \/>\n<meta property=\"og:description\" content=\"Discover the Millionaire Partner System \u2014 a step-by-step way for everyday people to build real online income and achieve true financial freedom.\" \/>\n<meta property=\"og:url\" content=\"https:\/\/betterversionacademy.com\/es\/producto\/sistema-de-socios-millonarios\" \/>\n<meta property=\"og:site_name\" content=\"Better Version Academy - Learn for Life\" \/>\n<meta property=\"og:image\" content=\"https:\/\/betterversionacademy.com\/wp-content\/uploads\/2025\/10\/millionaire_partner_system.png\" \/>\n\t<meta property=\"og:image:width\" content=\"800\" \/>\n\t<meta property=\"og:image:height\" content=\"800\" \/>\n\t<meta property=\"og:image:type\" content=\"image\/png\" \/>\n<meta name=\"twitter:card\" content=\"summary_large_image\" \/>\n<script type=\"application\/ld+json\" class=\"yoast-schema-graph\">{\"@context\":\"https:\\\/\\\/schema.org\",\"@graph\":[{\"@type\":\"WebPage\",\"@id\":\"https:\\\/\\\/betterversionacademy.com\\\/product\\\/millionaire-partner-system\",\"url\":\"https:\\\/\\\/betterversionacademy.com\\\/product\\\/millionaire-partner-system\",\"name\":\"Millionaire Partner System \u2013 Start Your Freedom Business\",\"isPartOf\":{\"@id\":\"https:\\\/\\\/betterversionacademy.com\\\/fr\\\/#website\"},\"primaryImageOfPage\":{\"@id\":\"https:\\\/\\\/betterversionacademy.com\\\/product\\\/millionaire-partner-system#primaryimage\"},\"image\":{\"@id\":\"https:\\\/\\\/betterversionacademy.com\\\/product\\\/millionaire-partner-system#primaryimage\"},\"thumbnailUrl\":\"https:\\\/\\\/betterversionacademy.com\\\/wp-content\\\/uploads\\\/2025\\\/10\\\/millionaire_partner_system.png\",\"datePublished\":\"2025-10-13T14:58:46+00:00\",\"description\":\"Discover the Millionaire Partner System \u2014 a step-by-step way for everyday people to build real online income and achieve true financial freedom.\",\"breadcrumb\":{\"@id\":\"https:\\\/\\\/betterversionacademy.com\\\/product\\\/millionaire-partner-system#breadcrumb\"},\"inLanguage\":\"es\",\"potentialAction\":[{\"@type\":\"ReadAction\",\"target\":[\"https:\\\/\\\/betterversionacademy.com\\\/product\\\/millionaire-partner-system\"]}]},{\"@type\":\"ImageObject\",\"inLanguage\":\"es\",\"@id\":\"https:\\\/\\\/betterversionacademy.com\\\/product\\\/millionaire-partner-system#primaryimage\",\"url\":\"https:\\\/\\\/betterversionacademy.com\\\/wp-content\\\/uploads\\\/2025\\\/10\\\/millionaire_partner_system.png\",\"contentUrl\":\"https:\\\/\\\/betterversionacademy.com\\\/wp-content\\\/uploads\\\/2025\\\/10\\\/millionaire_partner_system.png\",\"width\":800,\"height\":800},{\"@type\":\"BreadcrumbList\",\"@id\":\"https:\\\/\\\/betterversionacademy.com\\\/product\\\/millionaire-partner-system#breadcrumb\",\"itemListElement\":[{\"@type\":\"ListItem\",\"position\":1,\"name\":\"Home\",\"item\":\"https:\\\/\\\/betterversionacademy.com\\\/\"},{\"@type\":\"ListItem\",\"position\":2,\"name\":\"Shop\",\"item\":\"https:\\\/\\\/betterversionacademy.com\\\/shop\"},{\"@type\":\"ListItem\",\"position\":3,\"name\":\"Millionaire Partner System\"}]},{\"@type\":\"WebSite\",\"@id\":\"https:\\\/\\\/betterversionacademy.com\\\/fr\\\/#website\",\"url\":\"https:\\\/\\\/betterversionacademy.com\\\/fr\\\/\",\"name\":\"Better Version Academy - Learn for Life\",\"description\":\"Skills for a better life\",\"publisher\":{\"@id\":\"https:\\\/\\\/betterversionacademy.com\\\/fr\\\/#organization\"},\"potentialAction\":[{\"@type\":\"SearchAction\",\"target\":{\"@type\":\"EntryPoint\",\"urlTemplate\":\"https:\\\/\\\/betterversionacademy.com\\\/fr\\\/?s={search_term_string}\"},\"query-input\":{\"@type\":\"PropertyValueSpecification\",\"valueRequired\":true,\"valueName\":\"search_term_string\"}}],\"inLanguage\":\"es\"},{\"@type\":\"Organization\",\"@id\":\"https:\\\/\\\/betterversionacademy.com\\\/fr\\\/#organization\",\"name\":\"Better Version Academy\",\"url\":\"https:\\\/\\\/betterversionacademy.com\\\/fr\\\/\",\"logo\":{\"@type\":\"ImageObject\",\"inLanguage\":\"es\",\"@id\":\"https:\\\/\\\/betterversionacademy.com\\\/fr\\\/#\\\/schema\\\/logo\\\/image\\\/\",\"url\":\"https:\\\/\\\/betterversionacademy.com\\\/wp-content\\\/uploads\\\/2021\\\/11\\\/cropped-BVA_logo_square-511x511.jpg\",\"contentUrl\":\"https:\\\/\\\/betterversionacademy.com\\\/wp-content\\\/uploads\\\/2021\\\/11\\\/cropped-BVA_logo_square-511x511.jpg\",\"width\":512,\"height\":512,\"caption\":\"Better Version Academy\"},\"image\":{\"@id\":\"https:\\\/\\\/betterversionacademy.com\\\/fr\\\/#\\\/schema\\\/logo\\\/image\\\/\"}}]}<\/script>\n<meta property=\"product:price:currency\" content=\"USD\" \/>\n<meta property=\"og:availability\" content=\"instock\" \/>\n<meta property=\"product:availability\" content=\"instock\" \/>\n<meta property=\"product:condition\" content=\"new\" \/>\n<!-- \/ Yoast SEO Premium plugin. -->","yoast_head_json":{"title":"Millionaire Partner System - Comience su negocio de la libertad","description":"Descubra el Sistema de Socios Millonarios - una forma paso a paso para que la gente com\u00fan construya ingresos reales en l\u00ednea y alcance la verdadera libertad financiera.","robots":{"index":"noindex","follow":"follow"},"og_locale":"es_ES","og_type":"article","og_title":"Millionaire Partner System","og_description":"Discover the Millionaire Partner System \u2014 a step-by-step way for everyday people to build real online income and achieve true financial freedom.","og_url":"https:\/\/betterversionacademy.com\/es\/producto\/sistema-de-socios-millonarios","og_site_name":"Better Version Academy - Learn for Life","og_image":[{"width":800,"height":800,"url":"https:\/\/betterversionacademy.com\/wp-content\/uploads\/2025\/10\/millionaire_partner_system.png","type":"image\/png"}],"twitter_card":"summary_large_image","schema":{"@context":"https:\/\/schema.org","@graph":[{"@type":"WebPage","@id":"https:\/\/betterversionacademy.com\/product\/millionaire-partner-system","url":"https:\/\/betterversionacademy.com\/product\/millionaire-partner-system","name":"Millionaire Partner System - Comience su negocio de la libertad","isPartOf":{"@id":"https:\/\/betterversionacademy.com\/fr\/#website"},"primaryImageOfPage":{"@id":"https:\/\/betterversionacademy.com\/product\/millionaire-partner-system#primaryimage"},"image":{"@id":"https:\/\/betterversionacademy.com\/product\/millionaire-partner-system#primaryimage"},"thumbnailUrl":"https:\/\/betterversionacademy.com\/wp-content\/uploads\/2025\/10\/millionaire_partner_system.png","datePublished":"2025-10-13T14:58:46+00:00","description":"Descubra el Sistema de Socios Millonarios - una forma paso a paso para que la gente com\u00fan construya ingresos reales en l\u00ednea y alcance la verdadera libertad financiera.","breadcrumb":{"@id":"https:\/\/betterversionacademy.com\/product\/millionaire-partner-system#breadcrumb"},"inLanguage":"es","potentialAction":[{"@type":"ReadAction","target":["https:\/\/betterversionacademy.com\/product\/millionaire-partner-system"]}]},{"@type":"ImageObject","inLanguage":"es","@id":"https:\/\/betterversionacademy.com\/product\/millionaire-partner-system#primaryimage","url":"https:\/\/betterversionacademy.com\/wp-content\/uploads\/2025\/10\/millionaire_partner_system.png","contentUrl":"https:\/\/betterversionacademy.com\/wp-content\/uploads\/2025\/10\/millionaire_partner_system.png","width":800,"height":800},{"@type":"BreadcrumbList","@id":"https:\/\/betterversionacademy.com\/product\/millionaire-partner-system#breadcrumb","itemListElement":[{"@type":"ListItem","position":1,"name":"Home","item":"https:\/\/betterversionacademy.com\/"},{"@type":"ListItem","position":2,"name":"Shop","item":"https:\/\/betterversionacademy.com\/shop"},{"@type":"ListItem","position":3,"name":"Millionaire Partner System"}]},{"@type":"WebSite","@id":"https:\/\/betterversionacademy.com\/fr\/#website","url":"https:\/\/betterversionacademy.com\/fr\/","name":"Better Version Academy - Aprende de por vida","description":"Habilidades para una vida mejor","publisher":{"@id":"https:\/\/betterversionacademy.com\/fr\/#organization"},"potentialAction":[{"@type":"SearchAction","target":{"@type":"EntryPoint","urlTemplate":"https:\/\/betterversionacademy.com\/fr\/?s={search_term_string}"},"query-input":{"@type":"PropertyValueSpecification","valueRequired":true,"valueName":"search_term_string"}}],"inLanguage":"es"},{"@type":"Organization","@id":"https:\/\/betterversionacademy.com\/fr\/#organization","name":"Academia de Mejor Versi\u00f3n","url":"https:\/\/betterversionacademy.com\/fr\/","logo":{"@type":"ImageObject","inLanguage":"es","@id":"https:\/\/betterversionacademy.com\/fr\/#\/schema\/logo\/image\/","url":"https:\/\/betterversionacademy.com\/wp-content\/uploads\/2021\/11\/cropped-BVA_logo_square-511x511.jpg","contentUrl":"https:\/\/betterversionacademy.com\/wp-content\/uploads\/2021\/11\/cropped-BVA_logo_square-511x511.jpg","width":512,"height":512,"caption":"Better Version Academy"},"image":{"@id":"https:\/\/betterversionacademy.com\/fr\/#\/schema\/logo\/image\/"}}]},"product_price_currency":"USD","og_availability":"instock","product_availability":"instock","product_condition":"new"},"_links":{"self":[{"href":"https:\/\/betterversionacademy.com\/es\/wp-json\/wp\/v2\/product\/20922","targetHints":{"allow":["GET"]}}],"collection":[{"href":"https:\/\/betterversionacademy.com\/es\/wp-json\/wp\/v2\/product"}],"about":[{"href":"https:\/\/betterversionacademy.com\/es\/wp-json\/wp\/v2\/types\/product"}],"replies":[{"embeddable":true,"href":"https:\/\/betterversionacademy.com\/es\/wp-json\/wp\/v2\/comments?post=20922"}],"wp:featuredmedia":[{"embeddable":true,"href":"https:\/\/betterversionacademy.com\/es\/wp-json\/wp\/v2\/media\/20923"}],"wp:attachment":[{"href":"https:\/\/betterversionacademy.com\/es\/wp-json\/wp\/v2\/media?parent=20922"}],"wp:term":[{"taxonomy":"product_brand","embeddable":true,"href":"https:\/\/betterversionacademy.com\/es\/wp-json\/wp\/v2\/product_brand?post=20922"},{"taxonomy":"product_cat","embeddable":true,"href":"https:\/\/betterversionacademy.com\/es\/wp-json\/wp\/v2\/product_cat?post=20922"},{"taxonomy":"product_tag","embeddable":true,"href":"https:\/\/betterversionacademy.com\/es\/wp-json\/wp\/v2\/product_tag?post=20922"}],"curies":[{"name":"wp","href":"https:\/\/api.w.org\/{rel}","templated":true}]}}