{"id":11022,"date":"2025-08-25T14:55:12","date_gmt":"2025-08-25T14:55:12","guid":{"rendered":"https:\/\/betterversionacademy.com\/?post_type=product&#038;p=11022"},"modified":"2025-08-25T14:55:12","modified_gmt":"2025-08-25T14:55:12","slug":"el-codigo-de-conversion","status":"publish","type":"product","link":"https:\/\/betterversionacademy.com\/es\/producto\/el-codigo-de-conversion","title":{"rendered":"El C\u00f3digo de la Conversi\u00f3n: Desencadenantes psicol\u00f3gicos probados que convierten los clics en clientes"},"content":{"rendered":"<p data-start=\"1292\" data-end=\"1572\">Gastas dinero en anuncios, retocas tu sitio web, publicas contenidos... pero las conversiones siguen siendo bajas.<\/p>\n<p>\u00bfPor qu\u00e9?<\/p>\n<p>Porque la mayor parte del marketing ignora el cerebro humano.<\/p>\n<p>Los visitantes no se van porque su producto no sea bueno. Se van porque su p\u00e1gina no <em data-start=\"1527\" data-end=\"1551\">desencadenar la psicolog\u00eda<\/em> que les hace comprar.<\/p>\n<ul data-start=\"1574\" data-end=\"1722\">\n<li data-start=\"1574\" data-end=\"1617\">\n<p data-start=\"1576\" data-end=\"1617\">Se sienten abrumados (carga cognitiva).<\/p>\n<\/li>\n<li data-start=\"1618\" data-end=\"1661\">\n<p data-start=\"1620\" data-end=\"1661\">No conf\u00edan en ti (no hay prueba social).<\/p>\n<\/li>\n<li data-start=\"1662\" data-end=\"1722\">\n<p data-start=\"1664\" data-end=\"1722\">No est\u00e1n motivados (no hay urgencia ni desencadenante emocional).<\/p>\n<\/li>\n<\/ul>\n<p data-start=\"1724\" data-end=\"1815\">Si no conoce la psicolog\u00eda de la conversi\u00f3n, estar\u00e1 adivinando. Y adivinar te cuesta ventas.<\/p>\n<p data-start=\"1724\" data-end=\"1815\"><em data-start=\"1859\" data-end=\"1890\">La psicolog\u00eda de las conversiones<\/em> es tu atajo.<br data-start=\"1908\" data-end=\"1911\" \/>Combina la psicolog\u00eda del comportamiento m\u00e1s avanzada con estrategias de marketing pr\u00e1cticas. Nada de palabrer\u00eda, s\u00f3lo marcos de referencia, ejemplos y plantillas para que su sitio web, sus anuncios y sus correos electr\u00f3nicos sean pr\u00e1cticos. <em data-start=\"2094\" data-end=\"2103\">convertir<\/em>.<\/p>\n<p data-start=\"2164\" data-end=\"2208\">Dentro de este sistema completo, usted recibir\u00e1:<\/p>\n<ul data-start=\"2210\" data-end=\"2934\">\n<li data-start=\"2210\" data-end=\"2309\">\n<p data-start=\"2212\" data-end=\"2309\"><strong data-start=\"2212\" data-end=\"2225\">El Libro:<\/strong> Profundizar en los principios de la psicolog\u00eda de la conversi\u00f3n (sesgos, desencadenantes, trucos de dise\u00f1o).<\/p>\n<\/li>\n<li data-start=\"2310\" data-end=\"2440\">\n<p data-start=\"2312\" data-end=\"2440\"><strong data-start=\"2312\" data-end=\"2326\">La Gu\u00eda:<\/strong> Estrategias pr\u00e1cticas, paso a paso, para aplicar la psicolog\u00eda a su embudo.<\/p>\n<\/li>\n<li data-start=\"2441\" data-end=\"2567\">\n<p data-start=\"2443\" data-end=\"2567\"><strong data-start=\"2443\" data-end=\"2460\">El cuaderno de ejercicios:<\/strong> Ejercicios pr\u00e1cticos para aplicar cada concepto directamente a su negocio.<\/p>\n<\/li>\n<li data-start=\"2568\" data-end=\"2676\">\n<p data-start=\"2570\" data-end=\"2676\"><strong data-start=\"2570\" data-end=\"2588\">La lista de control:<\/strong> Ganancias r\u00e1pidas que puede poner en pr\u00e1ctica hoy mismo, sin agobios.<\/p>\n<\/li>\n<li data-start=\"2677\" data-end=\"2801\">\n<p data-start=\"2679\" data-end=\"2801\"><strong data-start=\"2679\" data-end=\"2700\">El paquete de prompts:<\/strong> AI-ready prompts to generate persuasive copy & landing pages.<\/p>\n<\/li>\n<li data-start=\"2802\" data-end=\"2934\">\n<p data-start=\"2804\" data-end=\"2934\"><strong data-start=\"2804\" data-end=\"2822\">La pila de herramientas:<\/strong> Una lista curada de software para automatizar la confianza, la urgencia y la prueba social.<\/p>\n<\/li>\n<\/ul>\n<p data-start=\"2936\" data-end=\"2983\">Esto no es teor\u00eda. Es un plan de conversi\u00f3n.<\/p>","protected":false},"excerpt":{"rendered":"<p data-start=\"3039\" data-end=\"3142\"><strong data-start=\"272\" data-end=\"308\">Deje de adivinar. Empiece a convertir.<\/strong><\/p>\n<p data-start=\"3039\" data-end=\"3142\"><br data-start=\"308\" data-end=\"311\" \/>Cada clic que no se convierte en una venta es un ingreso perdido. La diferencia entre luchar por las ventas y escalar con facilidad no es tener m\u00e1s tr\u00e1fico, sino comprenderlo. <em data-start=\"476\" data-end=\"492\">por qu\u00e9 la gente compra<\/em>.<\/p>\n<p data-start=\"3039\" data-end=\"3142\">\u201cBasado en principios atemporales de Cialdini, Ogilvy y Schwartz, adaptados al mundo digital actual\u201d.\u201d<\/p>\n<p data-start=\"3145\" data-end=\"3222\">\u201cLos vendedores que han aplicado estos principios ven aumentos de 2 a 5 veces en las conversiones\u201d.\u201d<\/p>\n<p data-start=\"497\" data-end=\"756\">Con <em data-start=\"502\" data-end=\"533\">La psicolog\u00eda de las conversiones<\/em>, desbloquear\u00e1s:<\/p>\n<p data-start=\"497\" data-end=\"756\"><br data-start=\"549\" data-end=\"552\" \/>\u2705 Los desencadenantes psicol\u00f3gicos exactos que hacen que la gente diga \u201cs\u00ed\u201d<br data-start=\"613\" data-end=\"616\" \/>\u2705 Listas de comprobaci\u00f3n paso a paso, indicaciones y herramientas para aplicar al instante.<br data-start=\"680\" data-end=\"683\" \/>\u2705 Marcos de trabajo probados de los mejores profesionales del marketing del mundo, simplificados para ti<\/p>\n<p data-start=\"758\" data-end=\"911\">\ud83d\ude80 Imag\u00ednese convertir su tr\u00e1fico existente en 2x, incluso 5x m\u00e1s clientes - sin gastar un c\u00e9ntimo m\u00e1s en anuncios. Eso es lo que hace la psicolog\u00eda de la conversi\u00f3n.<\/p>\n<p data-start=\"913\" data-end=\"992\">\ud83d\udc49 <strong data-start=\"916\" data-end=\"990\">Sus clientes ya est\u00e1n preparados para comprar. Aprenda a darle al interruptor.<\/strong><\/p>\n<p data-start=\"3145\" data-end=\"3222\">","protected":false},"featured_media":11024,"comment_status":"open","ping_status":"closed","template":"","meta":[],"product_brand":[],"product_cat":[15],"product_tag":[],"class_list":{"0":"post-11022","1":"product","2":"type-product","3":"status-publish","4":"has-post-thumbnail","6":"product_cat-uncategorized","8":"first","9":"instock","10":"downloadable","11":"virtual","12":"sold-individually","13":"taxable","14":"purchasable","15":"product-type-simple"},"yoast_head":"<!-- This site is optimized with the Yoast SEO Premium plugin v27.4 (Yoast SEO v27.4) - https:\/\/yoast.com\/product\/yoast-seo-premium-wordpress\/ -->\n<title>The Conversion Code | The Psychology of Conversion<\/title>\n<meta name=\"description\" content=\"Unlock the mindset behind high-converting funnels with the Conversion Psychology Code\u2014practical guides, prompts, and templates to boost your sales.\" \/>\n<meta name=\"robots\" content=\"noindex, follow\" \/>\n<meta property=\"og:locale\" content=\"es_ES\" \/>\n<meta property=\"og:type\" content=\"article\" \/>\n<meta property=\"og:title\" content=\"The Conversion Code: Proven Psychological Triggers That Turn Clicks into Customers\" \/>\n<meta property=\"og:description\" content=\"Unlock the mindset behind high-converting funnels with the Conversion Psychology Code\u2014practical guides, prompts, and templates to boost your sales.\" \/>\n<meta property=\"og:url\" content=\"https:\/\/betterversionacademy.com\/es\/producto\/el-codigo-de-conversion\" \/>\n<meta property=\"og:site_name\" content=\"Better Version Academy - Learn for Life\" \/>\n<meta property=\"og:image\" content=\"https:\/\/betterversionacademy.com\/wp-content\/uploads\/2025\/08\/conversion_code_product_image.png\" \/>\n\t<meta property=\"og:image:width\" content=\"800\" \/>\n\t<meta property=\"og:image:height\" content=\"800\" \/>\n\t<meta property=\"og:image:type\" content=\"image\/png\" \/>\n<meta name=\"twitter:card\" content=\"summary_large_image\" \/>\n<script type=\"application\/ld+json\" class=\"yoast-schema-graph\">{\"@context\":\"https:\\\/\\\/schema.org\",\"@graph\":[{\"@type\":\"WebPage\",\"@id\":\"https:\\\/\\\/betterversionacademy.com\\\/product\\\/the-conversion-code\",\"url\":\"https:\\\/\\\/betterversionacademy.com\\\/product\\\/the-conversion-code\",\"name\":\"The Conversion Code | The Psychology of Conversion\",\"isPartOf\":{\"@id\":\"https:\\\/\\\/betterversionacademy.com\\\/fr\\\/#website\"},\"primaryImageOfPage\":{\"@id\":\"https:\\\/\\\/betterversionacademy.com\\\/product\\\/the-conversion-code#primaryimage\"},\"image\":{\"@id\":\"https:\\\/\\\/betterversionacademy.com\\\/product\\\/the-conversion-code#primaryimage\"},\"thumbnailUrl\":\"https:\\\/\\\/betterversionacademy.com\\\/wp-content\\\/uploads\\\/2025\\\/08\\\/conversion_code_product_image.png\",\"datePublished\":\"2025-08-25T14:55:12+00:00\",\"description\":\"Unlock the mindset behind high-converting funnels with the Conversion Psychology Code\u2014practical guides, prompts, and templates to boost your sales.\",\"breadcrumb\":{\"@id\":\"https:\\\/\\\/betterversionacademy.com\\\/product\\\/the-conversion-code#breadcrumb\"},\"inLanguage\":\"es\",\"potentialAction\":[{\"@type\":\"ReadAction\",\"target\":[\"https:\\\/\\\/betterversionacademy.com\\\/product\\\/the-conversion-code\"]}]},{\"@type\":\"ImageObject\",\"inLanguage\":\"es\",\"@id\":\"https:\\\/\\\/betterversionacademy.com\\\/product\\\/the-conversion-code#primaryimage\",\"url\":\"https:\\\/\\\/betterversionacademy.com\\\/wp-content\\\/uploads\\\/2025\\\/08\\\/conversion_code_product_image.png\",\"contentUrl\":\"https:\\\/\\\/betterversionacademy.com\\\/wp-content\\\/uploads\\\/2025\\\/08\\\/conversion_code_product_image.png\",\"width\":800,\"height\":800,\"caption\":\"the conversion code downloadable product\"},{\"@type\":\"BreadcrumbList\",\"@id\":\"https:\\\/\\\/betterversionacademy.com\\\/product\\\/the-conversion-code#breadcrumb\",\"itemListElement\":[{\"@type\":\"ListItem\",\"position\":1,\"name\":\"Home\",\"item\":\"https:\\\/\\\/betterversionacademy.com\\\/\"},{\"@type\":\"ListItem\",\"position\":2,\"name\":\"Shop\",\"item\":\"https:\\\/\\\/betterversionacademy.com\\\/shop\"},{\"@type\":\"ListItem\",\"position\":3,\"name\":\"The Conversion Code: Proven Psychological Triggers That Turn Clicks into Customers\"}]},{\"@type\":\"WebSite\",\"@id\":\"https:\\\/\\\/betterversionacademy.com\\\/fr\\\/#website\",\"url\":\"https:\\\/\\\/betterversionacademy.com\\\/fr\\\/\",\"name\":\"Better Version Academy - Learn for Life\",\"description\":\"Skills for a better life\",\"publisher\":{\"@id\":\"https:\\\/\\\/betterversionacademy.com\\\/fr\\\/#organization\"},\"potentialAction\":[{\"@type\":\"SearchAction\",\"target\":{\"@type\":\"EntryPoint\",\"urlTemplate\":\"https:\\\/\\\/betterversionacademy.com\\\/fr\\\/?s={search_term_string}\"},\"query-input\":{\"@type\":\"PropertyValueSpecification\",\"valueRequired\":true,\"valueName\":\"search_term_string\"}}],\"inLanguage\":\"es\"},{\"@type\":\"Organization\",\"@id\":\"https:\\\/\\\/betterversionacademy.com\\\/fr\\\/#organization\",\"name\":\"Better Version Academy\",\"url\":\"https:\\\/\\\/betterversionacademy.com\\\/fr\\\/\",\"logo\":{\"@type\":\"ImageObject\",\"inLanguage\":\"es\",\"@id\":\"https:\\\/\\\/betterversionacademy.com\\\/fr\\\/#\\\/schema\\\/logo\\\/image\\\/\",\"url\":\"https:\\\/\\\/betterversionacademy.com\\\/wp-content\\\/uploads\\\/2021\\\/11\\\/cropped-BVA_logo_square-511x511.jpg\",\"contentUrl\":\"https:\\\/\\\/betterversionacademy.com\\\/wp-content\\\/uploads\\\/2021\\\/11\\\/cropped-BVA_logo_square-511x511.jpg\",\"width\":512,\"height\":512,\"caption\":\"Better Version Academy\"},\"image\":{\"@id\":\"https:\\\/\\\/betterversionacademy.com\\\/fr\\\/#\\\/schema\\\/logo\\\/image\\\/\"}}]}<\/script>\n<meta property=\"product:price:amount\" content=\"27.00\" \/>\n<meta property=\"product:price:currency\" content=\"USD\" \/>\n<meta property=\"og:availability\" content=\"instock\" \/>\n<meta property=\"product:availability\" content=\"instock\" \/>\n<meta property=\"product:condition\" content=\"new\" \/>\n<!-- \/ Yoast SEO Premium plugin. -->","yoast_head_json":{"title":"El c\u00f3digo de la conversi\u00f3n | La psicolog\u00eda de la conversi\u00f3n","description":"Descubra la mentalidad que hay detr\u00e1s de los embudos de alta conversi\u00f3n con el C\u00f3digo de psicolog\u00eda de la conversi\u00f3n: gu\u00edas pr\u00e1cticas, instrucciones y plantillas para aumentar sus ventas.","robots":{"index":"noindex","follow":"follow"},"og_locale":"es_ES","og_type":"article","og_title":"The Conversion Code: Proven Psychological Triggers That Turn Clicks into Customers","og_description":"Unlock the mindset behind high-converting funnels with the Conversion Psychology Code\u2014practical guides, prompts, and templates to boost your sales.","og_url":"https:\/\/betterversionacademy.com\/es\/producto\/el-codigo-de-conversion","og_site_name":"Better Version Academy - Learn for Life","og_image":[{"width":800,"height":800,"url":"https:\/\/betterversionacademy.com\/wp-content\/uploads\/2025\/08\/conversion_code_product_image.png","type":"image\/png"}],"twitter_card":"summary_large_image","schema":{"@context":"https:\/\/schema.org","@graph":[{"@type":"WebPage","@id":"https:\/\/betterversionacademy.com\/product\/the-conversion-code","url":"https:\/\/betterversionacademy.com\/product\/the-conversion-code","name":"El c\u00f3digo de la conversi\u00f3n | La psicolog\u00eda de la conversi\u00f3n","isPartOf":{"@id":"https:\/\/betterversionacademy.com\/fr\/#website"},"primaryImageOfPage":{"@id":"https:\/\/betterversionacademy.com\/product\/the-conversion-code#primaryimage"},"image":{"@id":"https:\/\/betterversionacademy.com\/product\/the-conversion-code#primaryimage"},"thumbnailUrl":"https:\/\/betterversionacademy.com\/wp-content\/uploads\/2025\/08\/conversion_code_product_image.png","datePublished":"2025-08-25T14:55:12+00:00","description":"Descubra la mentalidad que hay detr\u00e1s de los embudos de alta conversi\u00f3n con el C\u00f3digo de psicolog\u00eda de la conversi\u00f3n: gu\u00edas pr\u00e1cticas, instrucciones y plantillas para aumentar sus ventas.","breadcrumb":{"@id":"https:\/\/betterversionacademy.com\/product\/the-conversion-code#breadcrumb"},"inLanguage":"es","potentialAction":[{"@type":"ReadAction","target":["https:\/\/betterversionacademy.com\/product\/the-conversion-code"]}]},{"@type":"ImageObject","inLanguage":"es","@id":"https:\/\/betterversionacademy.com\/product\/the-conversion-code#primaryimage","url":"https:\/\/betterversionacademy.com\/wp-content\/uploads\/2025\/08\/conversion_code_product_image.png","contentUrl":"https:\/\/betterversionacademy.com\/wp-content\/uploads\/2025\/08\/conversion_code_product_image.png","width":800,"height":800,"caption":"the conversion code downloadable product"},{"@type":"BreadcrumbList","@id":"https:\/\/betterversionacademy.com\/product\/the-conversion-code#breadcrumb","itemListElement":[{"@type":"ListItem","position":1,"name":"Home","item":"https:\/\/betterversionacademy.com\/"},{"@type":"ListItem","position":2,"name":"Shop","item":"https:\/\/betterversionacademy.com\/shop"},{"@type":"ListItem","position":3,"name":"The Conversion Code: Proven Psychological Triggers That Turn Clicks into Customers"}]},{"@type":"WebSite","@id":"https:\/\/betterversionacademy.com\/fr\/#website","url":"https:\/\/betterversionacademy.com\/fr\/","name":"Better Version Academy - Aprende de por vida","description":"Habilidades para una vida mejor","publisher":{"@id":"https:\/\/betterversionacademy.com\/fr\/#organization"},"potentialAction":[{"@type":"SearchAction","target":{"@type":"EntryPoint","urlTemplate":"https:\/\/betterversionacademy.com\/fr\/?s={search_term_string}"},"query-input":{"@type":"PropertyValueSpecification","valueRequired":true,"valueName":"search_term_string"}}],"inLanguage":"es"},{"@type":"Organization","@id":"https:\/\/betterversionacademy.com\/fr\/#organization","name":"Academia de Mejor Versi\u00f3n","url":"https:\/\/betterversionacademy.com\/fr\/","logo":{"@type":"ImageObject","inLanguage":"es","@id":"https:\/\/betterversionacademy.com\/fr\/#\/schema\/logo\/image\/","url":"https:\/\/betterversionacademy.com\/wp-content\/uploads\/2021\/11\/cropped-BVA_logo_square-511x511.jpg","contentUrl":"https:\/\/betterversionacademy.com\/wp-content\/uploads\/2021\/11\/cropped-BVA_logo_square-511x511.jpg","width":512,"height":512,"caption":"Better Version Academy"},"image":{"@id":"https:\/\/betterversionacademy.com\/fr\/#\/schema\/logo\/image\/"}}]},"product_price_amount":"27.00","product_price_currency":"USD","og_availability":"instock","product_availability":"instock","product_condition":"new"},"_links":{"self":[{"href":"https:\/\/betterversionacademy.com\/es\/wp-json\/wp\/v2\/product\/11022","targetHints":{"allow":["GET"]}}],"collection":[{"href":"https:\/\/betterversionacademy.com\/es\/wp-json\/wp\/v2\/product"}],"about":[{"href":"https:\/\/betterversionacademy.com\/es\/wp-json\/wp\/v2\/types\/product"}],"replies":[{"embeddable":true,"href":"https:\/\/betterversionacademy.com\/es\/wp-json\/wp\/v2\/comments?post=11022"}],"wp:featuredmedia":[{"embeddable":true,"href":"https:\/\/betterversionacademy.com\/es\/wp-json\/wp\/v2\/media\/11024"}],"wp:attachment":[{"href":"https:\/\/betterversionacademy.com\/es\/wp-json\/wp\/v2\/media?parent=11022"}],"wp:term":[{"taxonomy":"product_brand","embeddable":true,"href":"https:\/\/betterversionacademy.com\/es\/wp-json\/wp\/v2\/product_brand?post=11022"},{"taxonomy":"product_cat","embeddable":true,"href":"https:\/\/betterversionacademy.com\/es\/wp-json\/wp\/v2\/product_cat?post=11022"},{"taxonomy":"product_tag","embeddable":true,"href":"https:\/\/betterversionacademy.com\/es\/wp-json\/wp\/v2\/product_tag?post=11022"}],"curies":[{"name":"wp","href":"https:\/\/api.w.org\/{rel}","templated":true}]}}