{"id":5661,"date":"2022-09-19T16:55:20","date_gmt":"2022-09-19T16:55:20","guid":{"rendered":"https:\/\/betterversionacademy.com\/?page_id=5661"},"modified":"2022-09-21T11:02:08","modified_gmt":"2022-09-21T11:02:08","slug":"divulgaciones-disclaimers","status":"publish","type":"page","link":"https:\/\/betterversionacademy.com\/es\/divulgaciones-disclaimers","title":{"rendered":"Divulgaciones y descargos de responsabilidad"},"content":{"rendered":"<p>BetterVersionAcademy.com es creado, escrito y operado \u00fanicamente por Baron Inc, sus propietarios, colaboradores y empleados que son expertos en sus respectivos campos. A todos nos encanta compartir nuestras experiencias y estudios sobre diversos temas de la vida y c\u00f3mo llegar a ser la mejor versi\u00f3n de ti mismo en todos los aspectos. Los diversos m\u00e9todos de aprendizaje y formaci\u00f3n, consejos y tutoriales en BetterVersionAcademy no son a prueba de errores, son simplemente lo que pas\u00f3 a trabajar para las situaciones de muchas personas en el momento en que emprendieron ese proyecto o etapa de la vida. BetterVersionAcademy no se hace responsable de su seguridad personal o del resultado de sus decisiones personales, financieras o profesionales.<\/p>\n<p><strong>Descargo de responsabilidad de patrocinio<\/strong><\/p>\n<p>Creemos firmemente en la transparencia y, por lo tanto, hemos establecido la pol\u00edtica de que ning\u00fan art\u00edculo de nuestro sitio web sea patrocinado o pagado por terceros. Tampoco aceptamos productos gratuitos de ninguna empresa, marca, minorista o fabricante a cambio de un art\u00edculo o rese\u00f1a. Si te interesa, puedes leer m\u00e1s sobre este tema en nuestras otras pol\u00edticas.<\/p>\n<p><strong>Publicidad y declaraci\u00f3n de afiliaci\u00f3n a la FTC<\/strong><\/p>\n<p>Aunque en BetterVersionAcademy no publicamos art\u00edculos patrocinados ni aceptamos art\u00edculos gratuitos para generar rese\u00f1as de productos, somos un blog con \u00e1nimo de lucro. Ganamos dinero con los banners publicitarios que coloca y gestiona una red de terceros.<\/p>\n<p>Este blog tambi\u00e9n gana dinero participando en programas de afiliados, como Amazon Associates y Rakuten Advertising. Esto significa que cuando usted realiza una compra utilizando uno de nuestros enlaces, nosotros recibimos una peque\u00f1a comisi\u00f3n, pero usted no tiene por qu\u00e9 hacerlo. Muchos de los enlaces de este sitio (as\u00ed como los de nuestro bolet\u00edn de noticias por correo electr\u00f3nico y nuestras cuentas en redes sociales) pueden generar comisiones de afiliaci\u00f3n. Cuando encuentres conexiones de productos en este blog, ten en cuenta que son enlaces de afiliados. Intentamos que la gente sepa que cada correo electr\u00f3nico o entrada de blog que los incluye incluye una l\u00ednea de divulgaci\u00f3n que as\u00ed lo indica.<\/p>\n<p>Dado que este sitio se mantiene en funcionamiento gracias a las tarifas de alojamiento pagadas mediante anuncios y enlaces de afiliados, agradecemos su apoyo.<\/p>\n<p><strong>Descargo de responsabilidad<\/strong><\/p>\n<p>Todas las fotos que no est\u00e1n acreditadas a una fuente externa fueron tomadas por nosotros y est\u00e1n protegidas por derechos. Todas las fotos que no son nuestras est\u00e1n acreditadas y enlazadas a sus fuentes externas, se cree que son de dominio p\u00fablico y est\u00e1n f\u00e1cilmente disponibles en Internet (publicadas de acuerdo con la Ley de Uso Justo de Derechos de Autor de EE.UU., t\u00edtulo 17, C\u00f3digo de EE.UU.). BetterVersionAcademy se reserva el derecho de eliminar, sustituir o mover cualquier imagen o contenido sin previo aviso.<\/p>\n<p><strong>Descargo de responsabilidad por asesoramiento m\u00e9dico\u00a0<\/strong><\/p>\n<p>Tenga en cuenta que la informaci\u00f3n presentada en este sitio web es s\u00f3lo para fines informativos generales y no debe utilizarse para el diagn\u00f3stico o tratamiento m\u00e9dico. Dado que la investigaci\u00f3n sobre salud y nutrici\u00f3n evoluciona continuamente, no siempre podemos garantizar la exactitud, integridad o actualidad de la informaci\u00f3n presentada en este sitio. Por lo tanto, es importante consultar con un m\u00e9dico antes de iniciar cualquier nuevo r\u00e9gimen de fitness\/belleza\/piel\/salud\/dieta.<\/p>\n<p><strong>Descargo de responsabilidad por asesoramiento profesional<\/strong><\/p>\n<p>Tenga en cuenta que este sitio tiene \u00fanicamente fines informativos generales y que ninguno de sus contenidos debe interpretarse como asesoramiento financiero, jur\u00eddico o m\u00e9dico. Consulte siempre a un profesional con licencia en su campo de especializaci\u00f3n cuando tome decisiones relacionadas con sus finanzas, asuntos legales o salud.<\/p>\n<p><strong>Descargo de responsabilidad<\/strong><\/p>\n<p>Los testimonios que lea en este blog o en las redes sociales proceden de particulares y de sus propias experiencias. Al igual que nuestros testimonios, la definici\u00f3n de \u00e9xito de cada persona es diferente porque depende en gran medida de la personalizaci\u00f3n. No podemos prometer lo que alguien puede o no lograr. La capacidad de alcanzar el \u00e9xito se basa en los propios objetivos y circunstancias personales, que son \u00fanicos para cada individuo. La voluntad de actuar y aplicar la informaci\u00f3n ense\u00f1ada, las condiciones actuales del mercado, la elecci\u00f3n del mercado objetivo y la cantidad de trabajo y esfuerzo que una persona pone en ello son factores que influyen en el \u00e9xito.<\/p>\n<p>Si desea m\u00e1s informaci\u00f3n o tiene alguna pregunta, env\u00edenos un correo electr\u00f3nico o consulte nuestra pol\u00edtica de privacidad y condiciones de servicio.<\/p>","protected":false},"excerpt":{"rendered":"<p>BetterVersionAcademy.com is created, written, and operated solely by Baron Inc., its owners, contributors and employees who are experts in their respective fields. We all love to share our experiences and studies about various topics in life and how to become the best version of yourself in every aspect. The various learning and training methods, advice, [&hellip;]<\/p>\n","protected":false},"author":1,"featured_media":0,"parent":0,"menu_order":0,"comment_status":"closed","ping_status":"closed","template":"","meta":{"footnotes":""},"class_list":["post-5661","page","type-page","status-publish","hentry"],"yoast_head":"<!-- This site is optimized with the Yoast SEO Premium plugin v27.4 (Yoast SEO v27.4) - https:\/\/yoast.com\/product\/yoast-seo-premium-wordpress\/ -->\n<title>Disclosures &amp; Disclaimers - Better Version Academy - Learn for Life<\/title>\n<meta name=\"robots\" content=\"index, follow, max-snippet:-1, max-image-preview:large, max-video-preview:-1\" \/>\n<link rel=\"canonical\" href=\"https:\/\/betterversionacademy.com\/es\/divulgaciones-disclaimers\" \/>\n<meta property=\"og:locale\" content=\"es_ES\" \/>\n<meta property=\"og:type\" content=\"article\" \/>\n<meta property=\"og:title\" content=\"Disclosures &amp; Disclaimers\" \/>\n<meta property=\"og:description\" content=\"BetterVersionAcademy.com is created, written, and operated solely by Baron Inc., its owners, contributors and employees who are experts in their respective fields. We all love to share our experiences and studies about various topics in life and how to become the best version of yourself in every aspect. The various learning and training methods, advice, [&hellip;]\" \/>\n<meta property=\"og:url\" content=\"https:\/\/betterversionacademy.com\/es\/divulgaciones-disclaimers\" \/>\n<meta property=\"og:site_name\" content=\"Better Version Academy - Learn for Life\" \/>\n<meta property=\"article:modified_time\" content=\"2022-09-21T11:02:08+00:00\" \/>\n<meta name=\"twitter:card\" content=\"summary_large_image\" \/>\n<script type=\"application\/ld+json\" class=\"yoast-schema-graph\">{\"@context\":\"https:\\\/\\\/schema.org\",\"@graph\":[{\"@type\":\"WebPage\",\"@id\":\"https:\\\/\\\/betterversionacademy.com\\\/disclosures-disclaimers\",\"url\":\"https:\\\/\\\/betterversionacademy.com\\\/disclosures-disclaimers\",\"name\":\"Disclosures & Disclaimers - Better Version Academy - Learn for Life\",\"isPartOf\":{\"@id\":\"https:\\\/\\\/betterversionacademy.com\\\/fr\\\/#website\"},\"datePublished\":\"2022-09-19T16:55:20+00:00\",\"dateModified\":\"2022-09-21T11:02:08+00:00\",\"breadcrumb\":{\"@id\":\"https:\\\/\\\/betterversionacademy.com\\\/disclosures-disclaimers#breadcrumb\"},\"inLanguage\":\"es\",\"potentialAction\":[{\"@type\":\"ReadAction\",\"target\":[\"https:\\\/\\\/betterversionacademy.com\\\/disclosures-disclaimers\"]}]},{\"@type\":\"BreadcrumbList\",\"@id\":\"https:\\\/\\\/betterversionacademy.com\\\/disclosures-disclaimers#breadcrumb\",\"itemListElement\":[{\"@type\":\"ListItem\",\"position\":1,\"name\":\"Home\",\"item\":\"https:\\\/\\\/betterversionacademy.com\\\/\"},{\"@type\":\"ListItem\",\"position\":2,\"name\":\"Disclosures &#038; Disclaimers\"}]},{\"@type\":\"WebSite\",\"@id\":\"https:\\\/\\\/betterversionacademy.com\\\/fr\\\/#website\",\"url\":\"https:\\\/\\\/betterversionacademy.com\\\/fr\\\/\",\"name\":\"Better Version Academy - Learn for Life\",\"description\":\"Skills for a better life\",\"publisher\":{\"@id\":\"https:\\\/\\\/betterversionacademy.com\\\/fr\\\/#organization\"},\"potentialAction\":[{\"@type\":\"SearchAction\",\"target\":{\"@type\":\"EntryPoint\",\"urlTemplate\":\"https:\\\/\\\/betterversionacademy.com\\\/fr\\\/?s={search_term_string}\"},\"query-input\":{\"@type\":\"PropertyValueSpecification\",\"valueRequired\":true,\"valueName\":\"search_term_string\"}}],\"inLanguage\":\"es\"},{\"@type\":\"Organization\",\"@id\":\"https:\\\/\\\/betterversionacademy.com\\\/fr\\\/#organization\",\"name\":\"Better Version Academy\",\"url\":\"https:\\\/\\\/betterversionacademy.com\\\/fr\\\/\",\"logo\":{\"@type\":\"ImageObject\",\"inLanguage\":\"es\",\"@id\":\"https:\\\/\\\/betterversionacademy.com\\\/fr\\\/#\\\/schema\\\/logo\\\/image\\\/\",\"url\":\"https:\\\/\\\/betterversionacademy.com\\\/wp-content\\\/uploads\\\/2021\\\/11\\\/cropped-BVA_logo_square-511x511.jpg\",\"contentUrl\":\"https:\\\/\\\/betterversionacademy.com\\\/wp-content\\\/uploads\\\/2021\\\/11\\\/cropped-BVA_logo_square-511x511.jpg\",\"width\":512,\"height\":512,\"caption\":\"Better Version Academy\"},\"image\":{\"@id\":\"https:\\\/\\\/betterversionacademy.com\\\/fr\\\/#\\\/schema\\\/logo\\\/image\\\/\"}}]}<\/script>\n<!-- \/ Yoast SEO Premium plugin. -->","yoast_head_json":{"title":"Aviso Legal - Better Version Academy - Learn for Life","robots":{"index":"index","follow":"follow","max-snippet":"max-snippet:-1","max-image-preview":"max-image-preview:large","max-video-preview":"max-video-preview:-1"},"canonical":"https:\/\/betterversionacademy.com\/es\/divulgaciones-disclaimers","og_locale":"es_ES","og_type":"article","og_title":"Disclosures & Disclaimers","og_description":"BetterVersionAcademy.com is created, written, and operated solely by Baron Inc., its owners, contributors and employees who are experts in their respective fields. We all love to share our experiences and studies about various topics in life and how to become the best version of yourself in every aspect. The various learning and training methods, advice, [&hellip;]","og_url":"https:\/\/betterversionacademy.com\/es\/divulgaciones-disclaimers","og_site_name":"Better Version Academy - Learn for Life","article_modified_time":"2022-09-21T11:02:08+00:00","twitter_card":"summary_large_image","schema":{"@context":"https:\/\/schema.org","@graph":[{"@type":"WebPage","@id":"https:\/\/betterversionacademy.com\/disclosures-disclaimers","url":"https:\/\/betterversionacademy.com\/disclosures-disclaimers","name":"Aviso Legal - Better Version Academy - Learn for Life","isPartOf":{"@id":"https:\/\/betterversionacademy.com\/fr\/#website"},"datePublished":"2022-09-19T16:55:20+00:00","dateModified":"2022-09-21T11:02:08+00:00","breadcrumb":{"@id":"https:\/\/betterversionacademy.com\/disclosures-disclaimers#breadcrumb"},"inLanguage":"es","potentialAction":[{"@type":"ReadAction","target":["https:\/\/betterversionacademy.com\/disclosures-disclaimers"]}]},{"@type":"BreadcrumbList","@id":"https:\/\/betterversionacademy.com\/disclosures-disclaimers#breadcrumb","itemListElement":[{"@type":"ListItem","position":1,"name":"Home","item":"https:\/\/betterversionacademy.com\/"},{"@type":"ListItem","position":2,"name":"Disclosures &#038; Disclaimers"}]},{"@type":"WebSite","@id":"https:\/\/betterversionacademy.com\/fr\/#website","url":"https:\/\/betterversionacademy.com\/fr\/","name":"Better Version Academy - Aprende de por vida","description":"Habilidades para una vida mejor","publisher":{"@id":"https:\/\/betterversionacademy.com\/fr\/#organization"},"potentialAction":[{"@type":"SearchAction","target":{"@type":"EntryPoint","urlTemplate":"https:\/\/betterversionacademy.com\/fr\/?s={search_term_string}"},"query-input":{"@type":"PropertyValueSpecification","valueRequired":true,"valueName":"search_term_string"}}],"inLanguage":"es"},{"@type":"Organization","@id":"https:\/\/betterversionacademy.com\/fr\/#organization","name":"Academia de Mejor Versi\u00f3n","url":"https:\/\/betterversionacademy.com\/fr\/","logo":{"@type":"ImageObject","inLanguage":"es","@id":"https:\/\/betterversionacademy.com\/fr\/#\/schema\/logo\/image\/","url":"https:\/\/betterversionacademy.com\/wp-content\/uploads\/2021\/11\/cropped-BVA_logo_square-511x511.jpg","contentUrl":"https:\/\/betterversionacademy.com\/wp-content\/uploads\/2021\/11\/cropped-BVA_logo_square-511x511.jpg","width":512,"height":512,"caption":"Better Version Academy"},"image":{"@id":"https:\/\/betterversionacademy.com\/fr\/#\/schema\/logo\/image\/"}}]}},"_links":{"self":[{"href":"https:\/\/betterversionacademy.com\/es\/wp-json\/wp\/v2\/pages\/5661","targetHints":{"allow":["GET"]}}],"collection":[{"href":"https:\/\/betterversionacademy.com\/es\/wp-json\/wp\/v2\/pages"}],"about":[{"href":"https:\/\/betterversionacademy.com\/es\/wp-json\/wp\/v2\/types\/page"}],"author":[{"embeddable":true,"href":"https:\/\/betterversionacademy.com\/es\/wp-json\/wp\/v2\/users\/1"}],"replies":[{"embeddable":true,"href":"https:\/\/betterversionacademy.com\/es\/wp-json\/wp\/v2\/comments?post=5661"}],"version-history":[{"count":0,"href":"https:\/\/betterversionacademy.com\/es\/wp-json\/wp\/v2\/pages\/5661\/revisions"}],"wp:attachment":[{"href":"https:\/\/betterversionacademy.com\/es\/wp-json\/wp\/v2\/media?parent=5661"}],"curies":[{"name":"wp","href":"https:\/\/api.w.org\/{rel}","templated":true}]}}