{"id":11062,"date":"2025-08-26T12:54:00","date_gmt":"2025-08-26T12:54:00","guid":{"rendered":"https:\/\/betterversionacademy.com\/?post_type=product&#038;p=11062"},"modified":"2025-08-26T12:54:00","modified_gmt":"2025-08-26T12:54:00","slug":"jeden-anruf-beenden","status":"publish","type":"product","link":"https:\/\/betterversionacademy.com\/de\/produkt\/jeden-anruf-beenden","title":{"rendered":"Jedes Gespr\u00e4ch abschlie\u00dfen\u2122: Das komplette System f\u00fcr mehr Vertrauen in den Vertrieb"},"content":{"rendered":"<p data-start=\"1549\" data-end=\"1896\"><strong data-start=\"1549\" data-end=\"1570\">Close Every Call\u2122<\/strong> ist das ultimative Toolkit f\u00fcr Unternehmer, Vertriebsmitarbeiter und Gesch\u00e4ftsinhaber, die bei ihren Anrufen mehr Abschl\u00fcsse erzielen wollen. Dieses All-in-One-System beseitigt die Angst vor Ablehnung, gibt Ihnen bew\u00e4hrte Skripte und Rahmenbedingungen an die Hand und stattet Sie mit den modernen Werkzeugen aus, um selbstbewusst Meetings zu buchen, Einw\u00e4nde zu \u00fcberwinden und Gesch\u00e4fte mit Leichtigkeit abzuschlie\u00dfen.<\/p>\n<p data-start=\"1898\" data-end=\"1929\">Hier erfahren Sie, wie Sie:<\/p>\n<ul data-start=\"1930\" data-end=\"2377\">\n<li data-start=\"1930\" data-end=\"2015\">\n<p data-start=\"1932\" data-end=\"2015\">Stellen Sie Ihre Denkweise so um, dass Ablehnung den Fortschritt f\u00f6rdert (anstatt das Vertrauen zu zerst\u00f6ren).<\/p>\n<\/li>\n<li data-start=\"2016\" data-end=\"2109\">\n<p data-start=\"2018\" data-end=\"2109\">Entwerfen Sie magnetische Er\u00f6ffnungss\u00e4tze, die den Widerstand durchbrechen und die Interessenten am Telefon halten.<\/p>\n<\/li>\n<li data-start=\"2110\" data-end=\"2207\">\n<p data-start=\"2112\" data-end=\"2207\">Erstellen Sie strategische Kundenprofile, die zuf\u00e4llige Anrufe in Gespr\u00e4che mit hoher Wahrscheinlichkeit verwandeln.<\/p>\n<\/li>\n<li data-start=\"2208\" data-end=\"2295\">\n<p data-start=\"2210\" data-end=\"2295\">Gehen Sie ohne Angst mit Einw\u00e4nden um - verwandeln Sie \"kein Interesse\" in \"erz\u00e4hl mir mehr\".<\/p>\n<\/li>\n<li data-start=\"2296\" data-end=\"2377\">\n<p data-start=\"2298\" data-end=\"2377\">Leiten Sie das Gespr\u00e4ch selbstbewusst und ohne Druck zu einem klaren n\u00e4chsten Schritt.<\/p>\n<\/li>\n<\/ul>\n<p data-start=\"2379\" data-end=\"2574\">Dieses System vermittelt Ihnen nicht nur Wissen - es gibt Ihnen <strong data-start=\"2438\" data-end=\"2501\">Checklisten, \u00dcbungen, KI-Eingabeaufforderungen und ein komplettes Toolset<\/strong> so dass Sie sie sofort umsetzen k\u00f6nnen und schon bei Ihrem n\u00e4chsten Anruf Ergebnisse sehen.<\/p>\n<p data-start=\"2576\" data-end=\"2772\">Ganz gleich, ob Sie High-Ticket-Kunden buchen, B2B-Termine vereinbaren oder allt\u00e4gliche Gesch\u00e4fte abschlie\u00dfen wollen, <strong data-start=\"2673\" data-end=\"2694\">Close Every Call\u2122<\/strong>verwandelt das Telefon von Ihrer gr\u00f6\u00dften Angst in Ihre st\u00e4rkste Wachstumswaffe.<\/p>","protected":false},"excerpt":{"rendered":"<p data-start=\"2842\" data-end=\"3062\"><strong data-start=\"2842\" data-end=\"2893\">\ud83d\udd25 H\u00f6ren Sie auf, Verk\u00e4ufe zu verlieren. Schlie\u00dfen Sie jeden Anruf ab.<\/strong><br data-start=\"2893\" data-end=\"2896\" \/>Jeder verpasste Anruf ist eine verpasste Chance. Stellen Sie sich vor, Sie verwandeln wackelige, unbeholfene Gespr\u00e4che in sichere Abschl\u00fcsse, die Ihren Kalender f\u00fcllen und Ihren Umsatz steigern.<\/p>\n<p data-start=\"3064\" data-end=\"3153\">Mit <strong data-start=\"3069\" data-end=\"3090\">Close Every Call\u2122<\/strong>erhalten Sie genau die Werkzeuge, Skripte und Denkweisen, die Sie brauchen:<\/p>\n<p data-start=\"3155\" data-end=\"3741\">\u2705 Verwandeln Sie verschwitzte Handfl\u00e4chen in unaufhaltsames Selbstvertrauen vor jeder Wahl<br data-start=\"3220\" data-end=\"3223\" \/>\u2705 Fesseln Sie Ihren Interessenten in den ersten 30 Sekunden mit bew\u00e4hrten Aufmerksamkeitsf\u00e4ngern<br data-start=\"3335\" data-end=\"3338\" \/>\u2705 Mit Einw\u00e4nden umgehen wie ein Profi - kein Stottern oder Erstarren mehr, wenn sie \"kein Interesse\" sagen<br data-start=\"3471\" data-end=\"3474\" \/>\u2705 Vertrauen bei Entscheidungstr\u00e4gern und sogar bei denjenigen aufbauen, die Sie normalerweise ausschlie\u00dfen<br data-start=\"3633\" data-end=\"3636\" \/>\u2705 Gespr\u00e4che sanft und ohne Druck zum \"Ja\" f\u00fchren<\/p>\n<p data-start=\"3743\" data-end=\"3884\">\ud83d\ude80 Sie brauchen nicht mehr Hinweise. Sie brauchen <strong data-start=\"3785\" data-end=\"3829\">schlie\u00dfen Sie mehr von denen, die Sie bereits haben.<\/strong><br data-start=\"3829\" data-end=\"3832\" \/>Und dies ist das System, das Ihnen genau zeigt, wie.<\/p>\n<p data-start=\"3886\" data-end=\"3955\">\ud83d\udc49 <strong data-start=\"3889\" data-end=\"3955\">Klicken Sie jetzt auf \"In den Warenkorb\" und schlie\u00dfen Sie noch heute mit Zuversicht ab.<\/strong><\/p>","protected":false},"featured_media":11064,"comment_status":"open","ping_status":"closed","template":"","meta":[],"product_brand":[],"product_cat":[15],"product_tag":[],"class_list":{"0":"post-11062","1":"product","2":"type-product","3":"status-publish","4":"has-post-thumbnail","6":"product_cat-uncategorized","8":"first","9":"instock","10":"downloadable","11":"virtual","12":"sold-individually","13":"taxable","14":"purchasable","15":"product-type-simple"},"yoast_head":"<!-- This site is optimized with the Yoast SEO Premium plugin v27.4 (Yoast SEO v27.4) - https:\/\/yoast.com\/product\/yoast-seo-premium-wordpress\/ -->\n<title>Close Every Sales Call | Proven Scripts, Tools &amp; Mindset System<\/title>\n<meta name=\"description\" content=\"Master every sales call with Close Every Call\u2122. Scripts, prompts &amp; tools to overcome objections and close deals confidently.\" \/>\n<meta name=\"robots\" content=\"noindex, follow\" \/>\n<meta property=\"og:locale\" content=\"de_DE\" \/>\n<meta property=\"og:type\" content=\"article\" \/>\n<meta property=\"og:title\" content=\"Close Every Call\u2122: The Complete Sales Confidence System\" \/>\n<meta property=\"og:description\" content=\"Master every sales call with Close Every Call\u2122. Scripts, prompts &amp; tools to overcome objections and close deals confidently.\" \/>\n<meta property=\"og:url\" content=\"https:\/\/betterversionacademy.com\/de\/produkt\/jeden-anruf-beenden\" \/>\n<meta property=\"og:site_name\" content=\"Better Version Academy - Learn for Life\" \/>\n<meta property=\"og:image\" content=\"https:\/\/betterversionacademy.com\/wp-content\/uploads\/2025\/08\/close_every_call_image.png\" \/>\n\t<meta property=\"og:image:width\" content=\"800\" \/>\n\t<meta property=\"og:image:height\" content=\"800\" \/>\n\t<meta property=\"og:image:type\" content=\"image\/png\" \/>\n<meta name=\"twitter:card\" content=\"summary_large_image\" \/>\n<script type=\"application\/ld+json\" class=\"yoast-schema-graph\">{\"@context\":\"https:\\\/\\\/schema.org\",\"@graph\":[{\"@type\":\"WebPage\",\"@id\":\"https:\\\/\\\/betterversionacademy.com\\\/product\\\/close-every-call\",\"url\":\"https:\\\/\\\/betterversionacademy.com\\\/product\\\/close-every-call\",\"name\":\"Close Every Sales Call | Proven Scripts, Tools & Mindset System\",\"isPartOf\":{\"@id\":\"https:\\\/\\\/betterversionacademy.com\\\/fr\\\/#website\"},\"primaryImageOfPage\":{\"@id\":\"https:\\\/\\\/betterversionacademy.com\\\/product\\\/close-every-call#primaryimage\"},\"image\":{\"@id\":\"https:\\\/\\\/betterversionacademy.com\\\/product\\\/close-every-call#primaryimage\"},\"thumbnailUrl\":\"https:\\\/\\\/betterversionacademy.com\\\/wp-content\\\/uploads\\\/2025\\\/08\\\/close_every_call_image.png\",\"datePublished\":\"2025-08-26T12:54:00+00:00\",\"description\":\"Master every sales call with Close Every Call\u2122. Scripts, prompts & tools to overcome objections and close deals confidently.\",\"breadcrumb\":{\"@id\":\"https:\\\/\\\/betterversionacademy.com\\\/product\\\/close-every-call#breadcrumb\"},\"inLanguage\":\"de\",\"potentialAction\":[{\"@type\":\"ReadAction\",\"target\":[\"https:\\\/\\\/betterversionacademy.com\\\/product\\\/close-every-call\"]}]},{\"@type\":\"ImageObject\",\"inLanguage\":\"de\",\"@id\":\"https:\\\/\\\/betterversionacademy.com\\\/product\\\/close-every-call#primaryimage\",\"url\":\"https:\\\/\\\/betterversionacademy.com\\\/wp-content\\\/uploads\\\/2025\\\/08\\\/close_every_call_image.png\",\"contentUrl\":\"https:\\\/\\\/betterversionacademy.com\\\/wp-content\\\/uploads\\\/2025\\\/08\\\/close_every_call_image.png\",\"width\":800,\"height\":800,\"caption\":\"close every call course\"},{\"@type\":\"BreadcrumbList\",\"@id\":\"https:\\\/\\\/betterversionacademy.com\\\/product\\\/close-every-call#breadcrumb\",\"itemListElement\":[{\"@type\":\"ListItem\",\"position\":1,\"name\":\"Home\",\"item\":\"https:\\\/\\\/betterversionacademy.com\\\/\"},{\"@type\":\"ListItem\",\"position\":2,\"name\":\"Shop\",\"item\":\"https:\\\/\\\/betterversionacademy.com\\\/shop\"},{\"@type\":\"ListItem\",\"position\":3,\"name\":\"Close Every Call\u2122: The Complete Sales Confidence System\"}]},{\"@type\":\"WebSite\",\"@id\":\"https:\\\/\\\/betterversionacademy.com\\\/fr\\\/#website\",\"url\":\"https:\\\/\\\/betterversionacademy.com\\\/fr\\\/\",\"name\":\"Better Version Academy - Learn for Life\",\"description\":\"Skills for a better life\",\"publisher\":{\"@id\":\"https:\\\/\\\/betterversionacademy.com\\\/fr\\\/#organization\"},\"potentialAction\":[{\"@type\":\"SearchAction\",\"target\":{\"@type\":\"EntryPoint\",\"urlTemplate\":\"https:\\\/\\\/betterversionacademy.com\\\/fr\\\/?s={search_term_string}\"},\"query-input\":{\"@type\":\"PropertyValueSpecification\",\"valueRequired\":true,\"valueName\":\"search_term_string\"}}],\"inLanguage\":\"de\"},{\"@type\":\"Organization\",\"@id\":\"https:\\\/\\\/betterversionacademy.com\\\/fr\\\/#organization\",\"name\":\"Better Version Academy\",\"url\":\"https:\\\/\\\/betterversionacademy.com\\\/fr\\\/\",\"logo\":{\"@type\":\"ImageObject\",\"inLanguage\":\"de\",\"@id\":\"https:\\\/\\\/betterversionacademy.com\\\/fr\\\/#\\\/schema\\\/logo\\\/image\\\/\",\"url\":\"https:\\\/\\\/betterversionacademy.com\\\/wp-content\\\/uploads\\\/2021\\\/11\\\/cropped-BVA_logo_square-511x511.jpg\",\"contentUrl\":\"https:\\\/\\\/betterversionacademy.com\\\/wp-content\\\/uploads\\\/2021\\\/11\\\/cropped-BVA_logo_square-511x511.jpg\",\"width\":512,\"height\":512,\"caption\":\"Better Version Academy\"},\"image\":{\"@id\":\"https:\\\/\\\/betterversionacademy.com\\\/fr\\\/#\\\/schema\\\/logo\\\/image\\\/\"}}]}<\/script>\n<meta property=\"product:price:amount\" content=\"27.00\" \/>\n<meta property=\"product:price:currency\" content=\"USD\" \/>\n<meta property=\"og:availability\" content=\"instock\" \/>\n<meta property=\"product:availability\" content=\"instock\" \/>\n<meta property=\"product:condition\" content=\"new\" \/>\n<!-- \/ Yoast SEO Premium plugin. -->","yoast_head_json":{"title":"Jedes Verkaufsgespr\u00e4ch abschlie\u00dfen | Bew\u00e4hrte Skripte, Tools &amp; Mindset-System","description":"Meistern Sie jedes Verkaufsgespr\u00e4ch mit Close Every Call\u2122. Skripte, Aufforderungen und Tools, um Einw\u00e4nde zu \u00fcberwinden und Gesch\u00e4fte sicher abzuschlie\u00dfen.","robots":{"index":"noindex","follow":"follow"},"og_locale":"de_DE","og_type":"article","og_title":"Close Every Call\u2122: The Complete Sales Confidence System","og_description":"Master every sales call with Close Every Call\u2122. Scripts, prompts & tools to overcome objections and close deals confidently.","og_url":"https:\/\/betterversionacademy.com\/de\/produkt\/jeden-anruf-beenden","og_site_name":"Better Version Academy - Learn for Life","og_image":[{"width":800,"height":800,"url":"https:\/\/betterversionacademy.com\/wp-content\/uploads\/2025\/08\/close_every_call_image.png","type":"image\/png"}],"twitter_card":"summary_large_image","schema":{"@context":"https:\/\/schema.org","@graph":[{"@type":"WebPage","@id":"https:\/\/betterversionacademy.com\/product\/close-every-call","url":"https:\/\/betterversionacademy.com\/product\/close-every-call","name":"Jedes Verkaufsgespr\u00e4ch abschlie\u00dfen | Bew\u00e4hrte Skripte, Tools &amp; Mindset-System","isPartOf":{"@id":"https:\/\/betterversionacademy.com\/fr\/#website"},"primaryImageOfPage":{"@id":"https:\/\/betterversionacademy.com\/product\/close-every-call#primaryimage"},"image":{"@id":"https:\/\/betterversionacademy.com\/product\/close-every-call#primaryimage"},"thumbnailUrl":"https:\/\/betterversionacademy.com\/wp-content\/uploads\/2025\/08\/close_every_call_image.png","datePublished":"2025-08-26T12:54:00+00:00","description":"Meistern Sie jedes Verkaufsgespr\u00e4ch mit Close Every Call\u2122. Skripte, Aufforderungen und Tools, um Einw\u00e4nde zu \u00fcberwinden und Gesch\u00e4fte sicher abzuschlie\u00dfen.","breadcrumb":{"@id":"https:\/\/betterversionacademy.com\/product\/close-every-call#breadcrumb"},"inLanguage":"de","potentialAction":[{"@type":"ReadAction","target":["https:\/\/betterversionacademy.com\/product\/close-every-call"]}]},{"@type":"ImageObject","inLanguage":"de","@id":"https:\/\/betterversionacademy.com\/product\/close-every-call#primaryimage","url":"https:\/\/betterversionacademy.com\/wp-content\/uploads\/2025\/08\/close_every_call_image.png","contentUrl":"https:\/\/betterversionacademy.com\/wp-content\/uploads\/2025\/08\/close_every_call_image.png","width":800,"height":800,"caption":"close every call course"},{"@type":"BreadcrumbList","@id":"https:\/\/betterversionacademy.com\/product\/close-every-call#breadcrumb","itemListElement":[{"@type":"ListItem","position":1,"name":"Home","item":"https:\/\/betterversionacademy.com\/"},{"@type":"ListItem","position":2,"name":"Shop","item":"https:\/\/betterversionacademy.com\/shop"},{"@type":"ListItem","position":3,"name":"Close Every Call\u2122: The Complete Sales Confidence System"}]},{"@type":"WebSite","@id":"https:\/\/betterversionacademy.com\/fr\/#website","url":"https:\/\/betterversionacademy.com\/fr\/","name":"Better Version Academy \u2013 Lernen f\u00fcrs Leben","description":"F\u00e4higkeiten f\u00fcr ein besseres Leben","publisher":{"@id":"https:\/\/betterversionacademy.com\/fr\/#organization"},"potentialAction":[{"@type":"SearchAction","target":{"@type":"EntryPoint","urlTemplate":"https:\/\/betterversionacademy.com\/fr\/?s={search_term_string}"},"query-input":{"@type":"PropertyValueSpecification","valueRequired":true,"valueName":"search_term_string"}}],"inLanguage":"de"},{"@type":"Organization","@id":"https:\/\/betterversionacademy.com\/fr\/#organization","name":"Bessere Versionsakademie","url":"https:\/\/betterversionacademy.com\/fr\/","logo":{"@type":"ImageObject","inLanguage":"de","@id":"https:\/\/betterversionacademy.com\/fr\/#\/schema\/logo\/image\/","url":"https:\/\/betterversionacademy.com\/wp-content\/uploads\/2021\/11\/cropped-BVA_logo_square-511x511.jpg","contentUrl":"https:\/\/betterversionacademy.com\/wp-content\/uploads\/2021\/11\/cropped-BVA_logo_square-511x511.jpg","width":512,"height":512,"caption":"Better Version Academy"},"image":{"@id":"https:\/\/betterversionacademy.com\/fr\/#\/schema\/logo\/image\/"}}]},"product_price_amount":"27.00","product_price_currency":"USD","og_availability":"instock","product_availability":"instock","product_condition":"new"},"_links":{"self":[{"href":"https:\/\/betterversionacademy.com\/de\/wp-json\/wp\/v2\/product\/11062","targetHints":{"allow":["GET"]}}],"collection":[{"href":"https:\/\/betterversionacademy.com\/de\/wp-json\/wp\/v2\/product"}],"about":[{"href":"https:\/\/betterversionacademy.com\/de\/wp-json\/wp\/v2\/types\/product"}],"replies":[{"embeddable":true,"href":"https:\/\/betterversionacademy.com\/de\/wp-json\/wp\/v2\/comments?post=11062"}],"wp:featuredmedia":[{"embeddable":true,"href":"https:\/\/betterversionacademy.com\/de\/wp-json\/wp\/v2\/media\/11064"}],"wp:attachment":[{"href":"https:\/\/betterversionacademy.com\/de\/wp-json\/wp\/v2\/media?parent=11062"}],"wp:term":[{"taxonomy":"product_brand","embeddable":true,"href":"https:\/\/betterversionacademy.com\/de\/wp-json\/wp\/v2\/product_brand?post=11062"},{"taxonomy":"product_cat","embeddable":true,"href":"https:\/\/betterversionacademy.com\/de\/wp-json\/wp\/v2\/product_cat?post=11062"},{"taxonomy":"product_tag","embeddable":true,"href":"https:\/\/betterversionacademy.com\/de\/wp-json\/wp\/v2\/product_tag?post=11062"}],"curies":[{"name":"wp","href":"https:\/\/api.w.org\/{rel}","templated":true}]}}